{"id":71,"date":"2020-01-27T08:15:05","date_gmt":"2020-01-27T13:15:05","guid":{"rendered":"https:\/\/demosites.io\/web-agency-gb\/?page_id=71"},"modified":"2023-07-11T15:12:45","modified_gmt":"2023-07-11T20:12:45","slug":"ciberseguridad","status":"publish","type":"page","link":"https:\/\/airprosecurity.com\/en\/ciberseguridad\/","title":{"rendered":"Consulting Services"},"content":{"rendered":"<div style=\"height:100px\" aria-hidden=\"true\" class=\"wp-block-spacer\"><\/div>\n\n\n\n<div class=\"wp-block-cover alignfull\" style=\"min-height:320px\"><span aria-hidden=\"true\" class=\"wp-block-cover__background has-nv-site-bg-background-color has-background-dim-100 has-background-dim\"><\/span><div class=\"wp-block-cover__inner-container\">\n<div class=\"wp-block-cover alignfull\" style=\"min-height:500px\"><span aria-hidden=\"true\" class=\"wp-block-cover__background has-nv-light-bg-background-color has-background-dim-0 has-background-dim\"><\/span><img decoding=\"async\" loading=\"lazy\" width=\"1920\" height=\"806\" class=\"wp-block-cover__image-background wp-image-674\" alt=\"\" src=\"http:\/\/airprosecurity.com\/wp-content\/uploads\/2023\/05\/Banner-Web-Airpro-Security-sin-texto_Mesa-de-trabajo-1-copia-3.jpg\" data-object-fit=\"cover\" srcset=\"https:\/\/airprosecurity.com\/wp-content\/uploads\/2023\/05\/Banner-Web-Airpro-Security-sin-texto_Mesa-de-trabajo-1-copia-3.jpg 1920w, https:\/\/airprosecurity.com\/wp-content\/uploads\/2023\/05\/Banner-Web-Airpro-Security-sin-texto_Mesa-de-trabajo-1-copia-3-300x126.jpg 300w, https:\/\/airprosecurity.com\/wp-content\/uploads\/2023\/05\/Banner-Web-Airpro-Security-sin-texto_Mesa-de-trabajo-1-copia-3-1024x430.jpg 1024w, https:\/\/airprosecurity.com\/wp-content\/uploads\/2023\/05\/Banner-Web-Airpro-Security-sin-texto_Mesa-de-trabajo-1-copia-3-768x322.jpg 768w, https:\/\/airprosecurity.com\/wp-content\/uploads\/2023\/05\/Banner-Web-Airpro-Security-sin-texto_Mesa-de-trabajo-1-copia-3-1536x645.jpg 1536w\" sizes=\"(max-width: 1920px) 100vw, 1920px\" \/><div class=\"wp-block-cover__inner-container\">\n<div class=\"wp-block-columns alignwide is-layout-flex wp-container-4\">\n<div class=\"wp-block-column is-vertically-aligned-center is-layout-flow\" style=\"flex-basis:66.66%\">\n<h1 class=\"wp-block-heading has-text-align-left has-nv-site-bg-color has-text-color\">Consulting Services<\/h1>\n\n\n\n<div class=\"wp-block-buttons is-horizontal is-content-justification-left is-layout-flex wp-container-1\">\n<div class=\"wp-block-button is-style-primary\"><a class=\"wp-block-button__link wp-element-button\" href=\"https:\/\/airprosecurity.com\/en\/contacto\/\">Contact Us<\/a><\/div>\n<\/div>\n<\/div>\n\n\n\n<div class=\"wp-block-column is-layout-flow\" style=\"flex-basis:33.33%\"><\/div>\n<\/div>\n<\/div><\/div>\n<\/div><\/div>\n\n\n\n<div class=\"wp-block-cover alignfull\" style=\"min-height:600px\"><span aria-hidden=\"true\" class=\"wp-block-cover__background has-nv-site-bg-background-color has-background-dim-100 has-background-dim\"><\/span><div class=\"wp-block-cover__inner-container\">\n<div id=\"wp-block-themeisle-blocks-advanced-columns-784450ff\" class=\"wp-block-themeisle-blocks-advanced-columns alignfull has-1-columns has-desktop-equal-layout has-tablet-equal-layout has-mobile-collapsedRows-layout has-vertical-center ticss-c00aadba\"><div class=\"wp-block-themeisle-blocks-advanced-columns-overlay\"><\/div><div class=\"innerblocks-wrap\">\n<div id=\"wp-block-themeisle-blocks-advanced-column-d0fbfc0a\" class=\"wp-block-themeisle-blocks-advanced-column\">\n<div id=\"wp-block-themeisle-blocks-advanced-columns-f32a2609\" class=\"wp-block-themeisle-blocks-advanced-columns has-1-columns has-desktop-equal-layout has-tablet-equal-layout has-mobile-equal-layout has-vertical-center\"><div class=\"wp-block-themeisle-blocks-advanced-columns-overlay\"><\/div><div class=\"innerblocks-wrap\">\n<div id=\"wp-block-themeisle-blocks-advanced-column-3567d86b\" class=\"wp-block-themeisle-blocks-advanced-column\">\n<h2 id=\"wp-block-themeisle-blocks-advanced-heading-d5f71f32\" class=\"wp-block-themeisle-blocks-advanced-heading wp-block-themeisle-blocks-advanced-heading-d5f71f32\">What Are the Main Threats to Your Company?<\/h2>\n<\/div>\n<\/div><\/div>\n\n\n\n<div id=\"wp-block-themeisle-blocks-advanced-columns-8085ff1f\" class=\"wp-block-themeisle-blocks-advanced-columns has-3-columns has-desktop-equal-layout has-tablet-equal-layout has-mobile-collapsedRows-layout has-vertical-top\"><div class=\"wp-block-themeisle-blocks-advanced-columns-overlay\"><\/div><div class=\"innerblocks-wrap\">\n<div id=\"wp-block-themeisle-blocks-advanced-column-dfb15c39\" class=\"wp-block-themeisle-blocks-advanced-column\"><div class=\"wp-block-image\">\n<figure class=\"aligncenter size-large is-resized\"><img decoding=\"async\" loading=\"lazy\" src=\"http:\/\/airprosecurity.com\/wp-content\/uploads\/2023\/05\/Recurso-3@4x-1024x928.png\" alt=\"\" class=\"wp-image-585\" width=\"138\" height=\"153\"\/><\/figure><\/div>\n\n\n<h3 id=\"wp-block-themeisle-blocks-advanced-heading-3147d135\" class=\"wp-block-themeisle-blocks-advanced-heading wp-block-themeisle-blocks-advanced-heading-3147d135\">Malware<\/h3>\n\n\n\n<p class=\"has-text-align-center has-nv-text-dark-bg-color has-text-color\">Malicious software that can damage your devices or compromise the security of your information.<\/p>\n\n\n\n<div class=\"wp-block-buttons is-vertical is-content-justification-center is-layout-flex wp-container-5\"><\/div>\n<\/div>\n\n\n\n<div id=\"wp-block-themeisle-blocks-advanced-column-ec09b220\" class=\"wp-block-themeisle-blocks-advanced-column ticss-ec09b220\"><div class=\"wp-block-image\">\n<figure class=\"aligncenter size-large is-resized\"><img decoding=\"async\" loading=\"lazy\" src=\"http:\/\/airprosecurity.com\/wp-content\/uploads\/2023\/05\/Recurso-9@4x-1024x928.png\" alt=\"\" class=\"wp-image-591\" width=\"138\" height=\"153\"\/><\/figure><\/div>\n\n\n<h3 id=\"wp-block-themeisle-blocks-advanced-heading-869a9c1f\" class=\"wp-block-themeisle-blocks-advanced-heading wp-block-themeisle-blocks-advanced-heading-869a9c1f\">DDoS<\/h3>\n\n\n\n<p class=\"has-text-align-center has-nv-text-dark-bg-color has-text-color\">A web attack that overloads and disrupts access to a website or server.<\/p>\n\n\n\n<div class=\"wp-block-buttons is-vertical is-content-justification-center is-layout-flex wp-container-6\"><\/div>\n<\/div>\n\n\n\n<div id=\"wp-block-themeisle-blocks-advanced-column-adbc5601\" class=\"wp-block-themeisle-blocks-advanced-column\"><div class=\"wp-block-image\">\n<figure class=\"aligncenter size-large is-resized\"><img decoding=\"async\" loading=\"lazy\" src=\"http:\/\/airprosecurity.com\/wp-content\/uploads\/2023\/05\/Recurso-2@4x-852x1024.png\" alt=\"\" class=\"wp-image-584\" width=\"138\" height=\"153\"\/><\/figure><\/div>\n\n\n<h3 id=\"wp-block-themeisle-blocks-advanced-heading-bacc3ab4\" class=\"wp-block-themeisle-blocks-advanced-heading wp-block-themeisle-blocks-advanced-heading-bacc3ab4\">Data Theft<\/h3>\n\n\n\n<p class=\"has-text-align-center has-nv-text-dark-bg-color has-text-color\">Gain unauthorized access to confidential information.<\/p>\n\n\n\n<div class=\"wp-block-buttons is-vertical is-content-justification-center is-layout-flex wp-container-7\"><\/div>\n<\/div>\n<\/div><\/div>\n<\/div>\n<\/div><\/div>\n<\/div><\/div>\n\n\n\n<div class=\"wp-block-columns is-layout-flex wp-container-11\">\n<div class=\"wp-block-column is-layout-flow\"><div class=\"wp-block-image\">\n<figure class=\"aligncenter size-large\"><img decoding=\"async\" loading=\"lazy\" width=\"1024\" height=\"683\" src=\"http:\/\/airprosecurity.com\/wp-content\/uploads\/2023\/06\/sigmund-Im_cQ6hQo10-unsplash-1024x683.jpg\" alt=\"\" class=\"wp-image-727\" srcset=\"https:\/\/airprosecurity.com\/wp-content\/uploads\/2023\/06\/sigmund-Im_cQ6hQo10-unsplash-1024x683.jpg 1024w, https:\/\/airprosecurity.com\/wp-content\/uploads\/2023\/06\/sigmund-Im_cQ6hQo10-unsplash-300x200.jpg 300w, https:\/\/airprosecurity.com\/wp-content\/uploads\/2023\/06\/sigmund-Im_cQ6hQo10-unsplash-768x512.jpg 768w, https:\/\/airprosecurity.com\/wp-content\/uploads\/2023\/06\/sigmund-Im_cQ6hQo10-unsplash-1536x1024.jpg 1536w, https:\/\/airprosecurity.com\/wp-content\/uploads\/2023\/06\/sigmund-Im_cQ6hQo10-unsplash-2048x1365.jpg 2048w, https:\/\/airprosecurity.com\/wp-content\/uploads\/2023\/06\/sigmund-Im_cQ6hQo10-unsplash-930x620.jpg 930w\" sizes=\"(max-width: 1024px) 100vw, 1024px\" \/><\/figure><\/div><\/div>\n\n\n\n<div class=\"wp-block-column is-vertically-aligned-center is-layout-flow\">\n<h2 class=\"wp-block-heading has-neve-link-color-color has-text-color\">Perimeter Security<\/h2>\n\n\n\n<p class=\"has-nv-text-dark-bg-color has-text-color\">Protect your business network and systems from cyber threats with a firewall. Acting as a filter, it blocks unauthorized access and controls incoming and outgoing data traffic. Reduce repair costs, boost productivity, and prevent attacks from hackers, malware, spam, and other cyber threats. Keep your data secure and your network efficient with our firewall service.<\/p>\n\n\n\n<div class=\"wp-block-buttons is-layout-flex\"><\/div>\n<\/div>\n<\/div>\n\n\n\n<div id=\"wp-block-themeisle-blocks-advanced-columns-056e92f6\" class=\"wp-block-themeisle-blocks-advanced-columns has-1-columns has-desktop-equal-layout has-tablet-equal-layout has-mobile-collapsedRows-layout has-vertical-center ticss-c00aadba\"><div class=\"wp-block-themeisle-blocks-advanced-columns-overlay\"><\/div><div class=\"innerblocks-wrap\">\n<div id=\"wp-block-themeisle-blocks-advanced-column-ac627193\" class=\"wp-block-themeisle-blocks-advanced-column\">\n<div id=\"wp-block-themeisle-blocks-advanced-columns-bb862b04\" class=\"wp-block-themeisle-blocks-advanced-columns has-1-columns has-desktop-equal-layout has-tablet-equal-layout has-mobile-equal-layout has-vertical-center\"><div class=\"wp-block-themeisle-blocks-advanced-columns-overlay\"><\/div><div class=\"innerblocks-wrap\">\n<div id=\"wp-block-themeisle-blocks-advanced-column-a6a1bb4c\" class=\"wp-block-themeisle-blocks-advanced-column\">\n<h2 id=\"wp-block-themeisle-blocks-advanced-heading-faa24d71\" class=\"wp-block-themeisle-blocks-advanced-heading wp-block-themeisle-blocks-advanced-heading-faa24d71\">Benefits<\/h2>\n\n\n\n<p class=\"has-text-align-center has-nv-text-dark-bg-color has-text-color\">Our cybersecurity experts can help you implement a customized and properly configured firewall to protect your company.<\/p>\n<\/div>\n<\/div><\/div>\n\n\n\n<div id=\"wp-block-themeisle-blocks-advanced-columns-5c4f9f01\" class=\"wp-block-themeisle-blocks-advanced-columns has-3-columns has-desktop-equal-layout has-tablet-equal-layout has-mobile-collapsedRows-layout has-vertical-top\"><div class=\"wp-block-themeisle-blocks-advanced-columns-overlay\"><\/div><div class=\"innerblocks-wrap\">\n<div id=\"wp-block-themeisle-blocks-advanced-column-1a6f0d6d\" class=\"wp-block-themeisle-blocks-advanced-column\"><div class=\"wp-block-image\">\n<figure class=\"aligncenter size-large is-resized\"><img decoding=\"async\" loading=\"lazy\" src=\"http:\/\/airprosecurity.com\/wp-content\/uploads\/2023\/05\/Recurso-8@4x-875x1024.png\" alt=\"\" class=\"wp-image-590\" width=\"138\" height=\"153\"\/><\/figure><\/div>\n\n\n<h3 id=\"wp-block-themeisle-blocks-advanced-heading-1039932d\" class=\"wp-block-themeisle-blocks-advanced-heading wp-block-themeisle-blocks-advanced-heading-1039932d\">Network Security<\/h3>\n\n\n\n<p class=\"has-text-align-center has-nv-text-dark-bg-color has-text-color\">Protect your business network from potential cyber threats, such as malware, hackers, and phishing.<\/p>\n\n\n\n<div class=\"wp-block-buttons is-vertical is-content-justification-center is-layout-flex wp-container-12\"><\/div>\n<\/div>\n\n\n\n<div id=\"wp-block-themeisle-blocks-advanced-column-95133002\" class=\"wp-block-themeisle-blocks-advanced-column ticss-ec09b220\"><div class=\"wp-block-image\">\n<figure class=\"aligncenter size-large is-resized\"><img decoding=\"async\" loading=\"lazy\" src=\"http:\/\/airprosecurity.com\/wp-content\/uploads\/2023\/05\/Recurso-1@4x-1024x878.png\" alt=\"\" class=\"wp-image-583\" width=\"138\" height=\"153\"\/><\/figure><\/div>\n\n\n<div style=\"height:45px\" aria-hidden=\"true\" class=\"wp-block-spacer\"><\/div>\n\n\n\n<h3 id=\"wp-block-themeisle-blocks-advanced-heading-cc93c49b\" class=\"wp-block-themeisle-blocks-advanced-heading wp-block-themeisle-blocks-advanced-heading-cc93c49b\">Network Traffic Control<\/h3>\n\n\n\n<p class=\"has-text-align-center has-nv-text-dark-bg-color has-text-color\">Manage incoming and outgoing data traffic on your network.<\/p>\n\n\n\n<div class=\"wp-block-buttons is-vertical is-content-justification-center is-layout-flex wp-container-13\"><\/div>\n<\/div>\n\n\n\n<div id=\"wp-block-themeisle-blocks-advanced-column-ae09cb38\" class=\"wp-block-themeisle-blocks-advanced-column\"><div class=\"wp-block-image\">\n<figure class=\"aligncenter size-large is-resized\"><img decoding=\"async\" loading=\"lazy\" src=\"http:\/\/airprosecurity.com\/wp-content\/uploads\/2023\/05\/Recurso-7@4x-1024x1024.png\" alt=\"\" class=\"wp-image-589\" width=\"138\" height=\"153\"\/><\/figure><\/div>\n\n\n<div style=\"height:23px\" aria-hidden=\"true\" class=\"wp-block-spacer\"><\/div>\n\n\n\n<h3 id=\"wp-block-themeisle-blocks-advanced-heading-53134193\" class=\"wp-block-themeisle-blocks-advanced-heading wp-block-themeisle-blocks-advanced-heading-53134193\">Flexibility<\/h3>\n\n\n\n<p class=\"has-text-align-center has-nv-text-dark-bg-color has-text-color\">It can be customized to fit your company\u2019s needs and flexibility.<\/p>\n\n\n\n<div class=\"wp-block-buttons is-vertical is-content-justification-center is-layout-flex wp-container-14\"><\/div>\n<\/div>\n<\/div><\/div>\n<\/div>\n<\/div><\/div>\n\n\n\n<h2 class=\"wp-block-heading has-text-align-center has-neve-link-color-color has-text-color\">Partnering with Leaders in Cybersecurity<\/h2>\n\n\n<div class=\"wp-block-image\">\n<figure class=\"aligncenter size-full is-resized\"><img decoding=\"async\" loading=\"lazy\" src=\"http:\/\/airprosecurity.com\/wp-content\/uploads\/2023\/07\/logo-engage-partner-program-advocate.png\" alt=\"\" class=\"wp-image-883\" width=\"373\" height=\"92\" srcset=\"https:\/\/airprosecurity.com\/wp-content\/uploads\/2023\/07\/logo-engage-partner-program-advocate.png 840w, https:\/\/airprosecurity.com\/wp-content\/uploads\/2023\/07\/logo-engage-partner-program-advocate-300x75.png 300w, https:\/\/airprosecurity.com\/wp-content\/uploads\/2023\/07\/logo-engage-partner-program-advocate-768x191.png 768w\" sizes=\"(max-width: 373px) 100vw, 373px\" \/><\/figure><\/div>\n\n\n<div style=\"height:54px\" aria-hidden=\"true\" class=\"wp-block-spacer\"><\/div>\n\n\n\n<h2 class=\"wp-block-heading has-text-align-center has-neve-link-color-color has-text-color\">Discover More About NGFW<\/h2>\n\n\n<div class=\"wp-block-image is-style-default\">\n<figure class=\"aligncenter size-large is-resized\"><a href=\"https:\/\/airprosecurity.com\/en\/the-importance-of-an-ngfw-advanced-protection-for-your-network\/\"><img decoding=\"async\" loading=\"lazy\" src=\"https:\/\/airprosecurity.com\/wp-content\/uploads\/2023\/06\/lines-5475657_1920-1024x573.jpg\" alt=\"\" class=\"wp-image-735\" width=\"768\" height=\"430\" srcset=\"https:\/\/airprosecurity.com\/wp-content\/uploads\/2023\/06\/lines-5475657_1920-1024x573.jpg 1024w, https:\/\/airprosecurity.com\/wp-content\/uploads\/2023\/06\/lines-5475657_1920-300x168.jpg 300w, https:\/\/airprosecurity.com\/wp-content\/uploads\/2023\/06\/lines-5475657_1920-768x430.jpg 768w, https:\/\/airprosecurity.com\/wp-content\/uploads\/2023\/06\/lines-5475657_1920-1536x860.jpg 1536w, https:\/\/airprosecurity.com\/wp-content\/uploads\/2023\/06\/lines-5475657_1920.jpg 1920w\" sizes=\"(max-width: 768px) 100vw, 768px\" \/><\/a><figcaption class=\"wp-element-caption\"><a href=\"https:\/\/airprosecurity.com\/en\/the-importance-of-an-ngfw-advanced-protection-for-your-network\/\">The Importance of an NGFW: Advanced Protection for Your Network<\/a><\/figcaption><\/figure><\/div>\n\n\n<div style=\"height:100px\" aria-hidden=\"true\" class=\"wp-block-spacer\"><\/div>\n\n\n\n<div id=\"wp-block-themeisle-blocks-advanced-columns-2c60bc77\" class=\"wp-block-themeisle-blocks-advanced-columns alignfull has-1-columns has-desktop-equal-layout has-tablet-equal-layout has-mobile-collapsedRows-layout has-reverse-columns-mobile has-vertical-center ticss-c00aadba\"><div class=\"wp-block-themeisle-blocks-advanced-columns-overlay\"><\/div><div class=\"innerblocks-wrap\">\n<div id=\"wp-block-themeisle-blocks-advanced-column-75b9263d\" class=\"wp-block-themeisle-blocks-advanced-column\">\n<h1 id=\"wp-block-themeisle-blocks-advanced-heading-5d5675df\" class=\"wp-block-themeisle-blocks-advanced-heading wp-block-themeisle-blocks-advanced-heading-5d5675df\">Are You Ready to Protect Yourself?<\/h1>\n\n\n\n<p id=\"wp-block-themeisle-blocks-advanced-heading-40ecd43d\" class=\"wp-block-themeisle-blocks-advanced-heading wp-block-themeisle-blocks-advanced-heading-40ecd43d\">We\u2019re here to help<\/p>\n\n\n\n<div class=\"wp-block-buttons is-content-justification-center is-layout-flex wp-container-15\">\n<div class=\"wp-block-button is-style-primary\"><a class=\"wp-block-button__link wp-element-button\">Contact Us<\/a><\/div>\n<\/div>\n<\/div>\n<\/div><\/div>","protected":false},"excerpt":{"rendered":"<p>Seguridad per\u00edmetral Protege tu red y sistemas empresariales de amenazas cibern\u00e9ticas con un firewall. Actuando como filtro, bloquea el acceso no autorizado y controla el tr\u00e1fico de datos entrante y saliente. Reduce costos en reparaciones, aumenta la productividad y previene ataques de hackers, malware, spam y otras amenazas cibern\u00e9ticas. Mant\u00e9n tus datos seguros y tu&hellip;&nbsp;<a href=\"https:\/\/airprosecurity.com\/en\/ciberseguridad\/\" class=\"\" rel=\"bookmark\">Read More &raquo;<span class=\"screen-reader-text\">Consulting Services<\/span><\/a><\/p>","protected":false},"author":1,"featured_media":0,"parent":0,"menu_order":0,"comment_status":"closed","ping_status":"closed","template":"","meta":{"neve_meta_sidebar":"default","neve_meta_container":"","neve_meta_enable_content_width":"on","neve_meta_content_width":100,"neve_meta_title_alignment":"","neve_meta_author_avatar":"","neve_post_elements_order":"","neve_meta_disable_header":"","neve_meta_disable_footer":"","neve_meta_disable_title":"on","_themeisle_gutenberg_block_has_review":false},"yoast_head":"<!-- This site is optimized with the Yoast SEO plugin v21.8.1 - https:\/\/yoast.com\/wordpress\/plugins\/seo\/ -->\n<title>Ciberseguridad - Airpro Security<\/title>\n<meta name=\"robots\" content=\"index, follow, max-snippet:-1, max-image-preview:large, max-video-preview:-1\" \/>\n<link rel=\"canonical\" href=\"https:\/\/airprosecurity.com\/en\/ciberseguridad\/\" \/>\n<meta property=\"og:locale\" content=\"en_US\" \/>\n<meta property=\"og:type\" content=\"article\" \/>\n<meta property=\"og:title\" content=\"Ciberseguridad - Airpro Security\" \/>\n<meta property=\"og:description\" content=\"Seguridad per\u00edmetral Protege tu red y sistemas empresariales de amenazas cibern\u00e9ticas con un firewall. Actuando como filtro, bloquea el acceso no autorizado y controla el tr\u00e1fico de datos entrante y saliente. Reduce costos en reparaciones, aumenta la productividad y previene ataques de hackers, malware, spam y otras amenazas cibern\u00e9ticas. Mant\u00e9n tus datos seguros y tu&hellip;&nbsp;Read More &raquo;Ciberseguridad\" \/>\n<meta property=\"og:url\" content=\"https:\/\/airprosecurity.com\/en\/ciberseguridad\/\" \/>\n<meta property=\"og:site_name\" content=\"Airpro Security\" \/>\n<meta property=\"article:modified_time\" content=\"2023-07-11T20:12:45+00:00\" \/>\n<meta property=\"og:image\" content=\"http:\/\/airprosecurity.com\/wp-content\/uploads\/2023\/05\/Banner-Web-Airpro-Security-sin-texto_Mesa-de-trabajo-1-copia-3.jpg\" \/>\n<meta name=\"twitter:card\" content=\"summary_large_image\" \/>\n<meta name=\"twitter:label1\" content=\"Est. reading time\" \/>\n\t<meta name=\"twitter:data1\" content=\"3 minutes\" \/>\n<script type=\"application\/ld+json\" class=\"yoast-schema-graph\">{\"@context\":\"https:\/\/schema.org\",\"@graph\":[{\"@type\":\"WebPage\",\"@id\":\"https:\/\/airprosecurity.com\/ciberseguridad\/\",\"url\":\"https:\/\/airprosecurity.com\/ciberseguridad\/\",\"name\":\"Ciberseguridad - Airpro Security\",\"isPartOf\":{\"@id\":\"https:\/\/airprosecurity.com\/#website\"},\"datePublished\":\"2020-01-27T13:15:05+00:00\",\"dateModified\":\"2023-07-11T20:12:45+00:00\",\"breadcrumb\":{\"@id\":\"https:\/\/airprosecurity.com\/ciberseguridad\/#breadcrumb\"},\"inLanguage\":\"en-US\",\"potentialAction\":[{\"@type\":\"ReadAction\",\"target\":[\"https:\/\/airprosecurity.com\/ciberseguridad\/\"]}]},{\"@type\":\"BreadcrumbList\",\"@id\":\"https:\/\/airprosecurity.com\/ciberseguridad\/#breadcrumb\",\"itemListElement\":[{\"@type\":\"ListItem\",\"position\":1,\"name\":\"Inicio\",\"item\":\"https:\/\/airprosecurity.com\/\"},{\"@type\":\"ListItem\",\"position\":2,\"name\":\"Ciberseguridad\"}]},{\"@type\":\"WebSite\",\"@id\":\"https:\/\/airprosecurity.com\/#website\",\"url\":\"https:\/\/airprosecurity.com\/\",\"name\":\"Airpro Security\",\"description\":\"\",\"publisher\":{\"@id\":\"https:\/\/airprosecurity.com\/#organization\"},\"potentialAction\":[{\"@type\":\"SearchAction\",\"target\":{\"@type\":\"EntryPoint\",\"urlTemplate\":\"https:\/\/airprosecurity.com\/?s={search_term_string}\"},\"query-input\":\"required name=search_term_string\"}],\"inLanguage\":\"en-US\"},{\"@type\":\"Organization\",\"@id\":\"https:\/\/airprosecurity.com\/#organization\",\"name\":\"Airpro Security\",\"alternateName\":\"Airpro Security\",\"url\":\"https:\/\/airprosecurity.com\/\",\"logo\":{\"@type\":\"ImageObject\",\"inLanguage\":\"en-US\",\"@id\":\"https:\/\/airprosecurity.com\/#\/schema\/logo\/image\/\",\"url\":\"http:\/\/airprosecurity.com\/wp-content\/uploads\/2023\/06\/cropped-Logo-Airpro-Security-Isotipo1.png\",\"contentUrl\":\"http:\/\/airprosecurity.com\/wp-content\/uploads\/2023\/06\/cropped-Logo-Airpro-Security-Isotipo1.png\",\"width\":512,\"height\":512,\"caption\":\"Airpro Security\"},\"image\":{\"@id\":\"https:\/\/airprosecurity.com\/#\/schema\/logo\/image\/\"}}]}<\/script>\n<!-- \/ Yoast SEO plugin. -->","yoast_head_json":{"title":"Ciberseguridad - Airpro Security","robots":{"index":"index","follow":"follow","max-snippet":"max-snippet:-1","max-image-preview":"max-image-preview:large","max-video-preview":"max-video-preview:-1"},"canonical":"https:\/\/airprosecurity.com\/en\/ciberseguridad\/","og_locale":"en_US","og_type":"article","og_title":"Ciberseguridad - Airpro Security","og_description":"Seguridad per\u00edmetral Protege tu red y sistemas empresariales de amenazas cibern\u00e9ticas con un firewall. Actuando como filtro, bloquea el acceso no autorizado y controla el tr\u00e1fico de datos entrante y saliente. Reduce costos en reparaciones, aumenta la productividad y previene ataques de hackers, malware, spam y otras amenazas cibern\u00e9ticas. Mant\u00e9n tus datos seguros y tu&hellip;&nbsp;Read More &raquo;Ciberseguridad","og_url":"https:\/\/airprosecurity.com\/en\/ciberseguridad\/","og_site_name":"Airpro Security","article_modified_time":"2023-07-11T20:12:45+00:00","og_image":[{"url":"http:\/\/airprosecurity.com\/wp-content\/uploads\/2023\/05\/Banner-Web-Airpro-Security-sin-texto_Mesa-de-trabajo-1-copia-3.jpg"}],"twitter_card":"summary_large_image","twitter_misc":{"Est. reading time":"3 minutes"},"schema":{"@context":"https:\/\/schema.org","@graph":[{"@type":"WebPage","@id":"https:\/\/airprosecurity.com\/ciberseguridad\/","url":"https:\/\/airprosecurity.com\/ciberseguridad\/","name":"Ciberseguridad - Airpro Security","isPartOf":{"@id":"https:\/\/airprosecurity.com\/#website"},"datePublished":"2020-01-27T13:15:05+00:00","dateModified":"2023-07-11T20:12:45+00:00","breadcrumb":{"@id":"https:\/\/airprosecurity.com\/ciberseguridad\/#breadcrumb"},"inLanguage":"en-US","potentialAction":[{"@type":"ReadAction","target":["https:\/\/airprosecurity.com\/ciberseguridad\/"]}]},{"@type":"BreadcrumbList","@id":"https:\/\/airprosecurity.com\/ciberseguridad\/#breadcrumb","itemListElement":[{"@type":"ListItem","position":1,"name":"Inicio","item":"https:\/\/airprosecurity.com\/"},{"@type":"ListItem","position":2,"name":"Ciberseguridad"}]},{"@type":"WebSite","@id":"https:\/\/airprosecurity.com\/#website","url":"https:\/\/airprosecurity.com\/","name":"Airpro Security","description":"","publisher":{"@id":"https:\/\/airprosecurity.com\/#organization"},"potentialAction":[{"@type":"SearchAction","target":{"@type":"EntryPoint","urlTemplate":"https:\/\/airprosecurity.com\/?s={search_term_string}"},"query-input":"required name=search_term_string"}],"inLanguage":"en-US"},{"@type":"Organization","@id":"https:\/\/airprosecurity.com\/#organization","name":"Airpro Security","alternateName":"Airpro Security","url":"https:\/\/airprosecurity.com\/","logo":{"@type":"ImageObject","inLanguage":"en-US","@id":"https:\/\/airprosecurity.com\/#\/schema\/logo\/image\/","url":"http:\/\/airprosecurity.com\/wp-content\/uploads\/2023\/06\/cropped-Logo-Airpro-Security-Isotipo1.png","contentUrl":"http:\/\/airprosecurity.com\/wp-content\/uploads\/2023\/06\/cropped-Logo-Airpro-Security-Isotipo1.png","width":512,"height":512,"caption":"Airpro Security"},"image":{"@id":"https:\/\/airprosecurity.com\/#\/schema\/logo\/image\/"}}]}},"_links":{"self":[{"href":"https:\/\/airprosecurity.com\/en\/wp-json\/wp\/v2\/pages\/71"}],"collection":[{"href":"https:\/\/airprosecurity.com\/en\/wp-json\/wp\/v2\/pages"}],"about":[{"href":"https:\/\/airprosecurity.com\/en\/wp-json\/wp\/v2\/types\/page"}],"author":[{"embeddable":true,"href":"https:\/\/airprosecurity.com\/en\/wp-json\/wp\/v2\/users\/1"}],"replies":[{"embeddable":true,"href":"https:\/\/airprosecurity.com\/en\/wp-json\/wp\/v2\/comments?post=71"}],"version-history":[{"count":38,"href":"https:\/\/airprosecurity.com\/en\/wp-json\/wp\/v2\/pages\/71\/revisions"}],"predecessor-version":[{"id":888,"href":"https:\/\/airprosecurity.com\/en\/wp-json\/wp\/v2\/pages\/71\/revisions\/888"}],"wp:attachment":[{"href":"https:\/\/airprosecurity.com\/en\/wp-json\/wp\/v2\/media?parent=71"}],"curies":[{"name":"wp","href":"https:\/\/api.w.org\/{rel}","templated":true}]}}