{"id":69,"date":"2020-01-27T08:05:29","date_gmt":"2020-01-27T13:05:29","guid":{"rendered":"https:\/\/demosites.io\/web-agency-gb\/?page_id=69"},"modified":"2023-07-03T16:09:56","modified_gmt":"2023-07-03T21:09:56","slug":"servicios","status":"publish","type":"page","link":"https:\/\/airprosecurity.com\/en\/servicios\/","title":{"rendered":"Services"},"content":{"rendered":"<div class=\"wp-block-cover alignfull\" style=\"min-height:666px\"><span aria-hidden=\"true\" class=\"wp-block-cover__background has-nv-site-bg-background-color has-background-dim-100 has-background-dim\"><\/span><div class=\"wp-block-cover__inner-container\">\n<div class=\"wp-block-group is-layout-flow\"><div class=\"wp-block-group__inner-container\"><\/div><\/div>\n\n\n\n<div class=\"wp-block-cover alignfull\" style=\"min-height:500px\"><span aria-hidden=\"true\" class=\"wp-block-cover__background has-nv-light-bg-background-color has-background-dim-0 has-background-dim\"><\/span><img decoding=\"async\" loading=\"lazy\" width=\"1920\" height=\"806\" class=\"wp-block-cover__image-background wp-image-674\" alt=\"\" src=\"http:\/\/airprosecurity.com\/wp-content\/uploads\/2023\/05\/Banner-Web-Airpro-Security-sin-texto_Mesa-de-trabajo-1-copia-3.jpg\" data-object-fit=\"cover\" srcset=\"https:\/\/airprosecurity.com\/wp-content\/uploads\/2023\/05\/Banner-Web-Airpro-Security-sin-texto_Mesa-de-trabajo-1-copia-3.jpg 1920w, https:\/\/airprosecurity.com\/wp-content\/uploads\/2023\/05\/Banner-Web-Airpro-Security-sin-texto_Mesa-de-trabajo-1-copia-3-300x126.jpg 300w, https:\/\/airprosecurity.com\/wp-content\/uploads\/2023\/05\/Banner-Web-Airpro-Security-sin-texto_Mesa-de-trabajo-1-copia-3-1024x430.jpg 1024w, https:\/\/airprosecurity.com\/wp-content\/uploads\/2023\/05\/Banner-Web-Airpro-Security-sin-texto_Mesa-de-trabajo-1-copia-3-768x322.jpg 768w, https:\/\/airprosecurity.com\/wp-content\/uploads\/2023\/05\/Banner-Web-Airpro-Security-sin-texto_Mesa-de-trabajo-1-copia-3-1536x645.jpg 1536w\" sizes=\"(max-width: 1920px) 100vw, 1920px\" \/><div class=\"wp-block-cover__inner-container\">\n<div class=\"wp-block-columns alignwide is-layout-flex wp-container-5\">\n<div class=\"wp-block-column is-vertically-aligned-center is-layout-flow\" style=\"flex-basis:66.66%\">\n<h1 class=\"wp-block-heading has-text-align-left has-nv-site-bg-color has-text-color\">Providing Security<\/h1>\n\n\n\n<p class=\"has-text-align-left has-nv-site-bg-color has-text-color\">Leading tools in the market, backed by high-quality service<\/p>\n\n\n\n<div class=\"wp-block-buttons is-horizontal is-content-justification-left is-layout-flex wp-container-2\">\n<div class=\"wp-block-button is-style-primary\"><a class=\"wp-block-button__link wp-element-button\" href=\"https:\/\/airprosecurity.com\/en\/contacto\/\">Contact Us<\/a><\/div>\n<\/div>\n<\/div>\n\n\n\n<div class=\"wp-block-column is-layout-flow\" style=\"flex-basis:33.33%\"><\/div>\n<\/div>\n<\/div><\/div>\n<\/div><\/div>\n\n\n\n<div class=\"wp-block-cover alignfull\" style=\"min-height:600px\"><span aria-hidden=\"true\" class=\"wp-block-cover__background has-nv-site-bg-background-color has-background-dim-100 has-background-dim\"><\/span><div class=\"wp-block-cover__inner-container\">\n<div class=\"wp-block-columns is-layout-flex wp-container-9\">\n<div class=\"wp-block-column is-layout-flow\">\n<figure class=\"wp-block-image size-full\"><img decoding=\"async\" loading=\"lazy\" width=\"600\" height=\"600\" src=\"http:\/\/airprosecurity.com\/wp-content\/uploads\/2023\/07\/Banner-Web-Airpro-Security_Mesa-de-trabajo-1-copia-9.jpg\" alt=\"\" class=\"wp-image-836\" srcset=\"https:\/\/airprosecurity.com\/wp-content\/uploads\/2023\/07\/Banner-Web-Airpro-Security_Mesa-de-trabajo-1-copia-9.jpg 600w, https:\/\/airprosecurity.com\/wp-content\/uploads\/2023\/07\/Banner-Web-Airpro-Security_Mesa-de-trabajo-1-copia-9-300x300.jpg 300w, https:\/\/airprosecurity.com\/wp-content\/uploads\/2023\/07\/Banner-Web-Airpro-Security_Mesa-de-trabajo-1-copia-9-150x150.jpg 150w\" sizes=\"(max-width: 600px) 100vw, 600px\" \/><\/figure>\n<\/div>\n\n\n\n<div class=\"wp-block-column is-vertically-aligned-center is-layout-flow\">\n<h2 class=\"wp-block-heading has-neve-link-color-color has-text-color\">Consulting Services<\/h2>\n\n\n\n<p class=\"has-nv-text-dark-bg-color has-text-color\">Protect your business with our Next-Generation Firewall (NGFW) service! Keep your digital assets secure and stay ahead of cyber threats. Click for more information and discover how we can safeguard you.<\/p>\n\n\n\n<div class=\"wp-block-buttons is-layout-flex\">\n<div class=\"wp-block-button is-style-primary\"><a class=\"wp-block-button__link wp-element-button\" href=\"https:\/\/airprosecurity.com\/en\/ciberseguridad\/\">Consulting Services<\/a><\/div>\n<\/div>\n<\/div>\n<\/div>\n<\/div><\/div>\n\n\n\n<div id=\"wp-block-themeisle-blocks-advanced-columns-35825447\" class=\"wp-block-themeisle-blocks-advanced-columns alignfull has-2-columns has-desktop-equal-layout has-tablet-equal-layout has-mobile-collapsedRows-layout has-vertical-center ticss-c00aadba\"><div class=\"wp-block-themeisle-blocks-advanced-columns-overlay\"><\/div><div class=\"innerblocks-wrap\">\n<div id=\"wp-block-themeisle-blocks-advanced-column-7b2f430e\" class=\"wp-block-themeisle-blocks-advanced-column\">\n<h2 id=\"wp-block-themeisle-blocks-advanced-heading-9e16f89b\" class=\"wp-block-themeisle-blocks-advanced-heading wp-block-themeisle-blocks-advanced-heading-9e16f89b\">Remote Access<\/h2>\n\n\n\n<p class=\"has-nv-text-dark-bg-color has-text-color\">Securely access your business resources with our VPN service. Protect your communications and confidential data. Click for more information.<\/p>\n\n\n\n<div style=\"height:10px\" aria-hidden=\"true\" class=\"wp-block-spacer\"><\/div>\n\n\n\n<div class=\"wp-block-buttons is-layout-flex\">\n<div class=\"wp-block-button is-style-primary\"><a class=\"wp-block-button__link wp-element-button\" href=\"https:\/\/airprosecurity.com\/en\/vpn\/\">Remote Access<\/a><\/div>\n<\/div>\n<\/div>\n\n\n\n<div id=\"wp-block-themeisle-blocks-advanced-column-ed1b12ac\" class=\"wp-block-themeisle-blocks-advanced-column\">\n<figure class=\"wp-block-image size-full\"><img decoding=\"async\" loading=\"lazy\" width=\"600\" height=\"600\" src=\"http:\/\/airprosecurity.com\/wp-content\/uploads\/2023\/07\/Banner-Web-Airpro-Security_Mesa-de-trabajo-1-copia-13.jpg\" alt=\"\" class=\"wp-image-840\" srcset=\"https:\/\/airprosecurity.com\/wp-content\/uploads\/2023\/07\/Banner-Web-Airpro-Security_Mesa-de-trabajo-1-copia-13.jpg 600w, https:\/\/airprosecurity.com\/wp-content\/uploads\/2023\/07\/Banner-Web-Airpro-Security_Mesa-de-trabajo-1-copia-13-300x300.jpg 300w, https:\/\/airprosecurity.com\/wp-content\/uploads\/2023\/07\/Banner-Web-Airpro-Security_Mesa-de-trabajo-1-copia-13-150x150.jpg 150w\" sizes=\"(max-width: 600px) 100vw, 600px\" \/><\/figure>\n\n\n\n<div style=\"height:10px\" aria-hidden=\"true\" class=\"wp-block-spacer\"><\/div>\n<\/div>\n<\/div><\/div>\n\n\n\n<div class=\"wp-block-columns is-layout-flex wp-container-14\">\n<div class=\"wp-block-column is-layout-flow\">\n<figure class=\"wp-block-image size-full\"><img decoding=\"async\" loading=\"lazy\" width=\"600\" height=\"600\" src=\"http:\/\/airprosecurity.com\/wp-content\/uploads\/2023\/07\/Banner-Web-Airpro-Security_Mesa-de-trabajo-1-copia-11.jpg\" alt=\"\" class=\"wp-image-838\" srcset=\"https:\/\/airprosecurity.com\/wp-content\/uploads\/2023\/07\/Banner-Web-Airpro-Security_Mesa-de-trabajo-1-copia-11.jpg 600w, https:\/\/airprosecurity.com\/wp-content\/uploads\/2023\/07\/Banner-Web-Airpro-Security_Mesa-de-trabajo-1-copia-11-300x300.jpg 300w, https:\/\/airprosecurity.com\/wp-content\/uploads\/2023\/07\/Banner-Web-Airpro-Security_Mesa-de-trabajo-1-copia-11-150x150.jpg 150w\" sizes=\"(max-width: 600px) 100vw, 600px\" \/><\/figure>\n<\/div>\n\n\n\n<div class=\"wp-block-column is-vertically-aligned-center is-layout-flow\">\n<h2 class=\"wp-block-heading has-neve-link-color-color has-text-color\">Outsourcing<\/h2>\n\n\n\n<p class=\"has-nv-text-dark-bg-color has-text-color\">Delegate tasks and optimize your business with our outsourcing service. Save time and resources while trusting the experts. Click for more information.<\/p>\n\n\n\n<div class=\"wp-block-buttons is-layout-flex\">\n<div class=\"wp-block-button is-style-primary\"><a class=\"wp-block-button__link wp-element-button\" href=\"https:\/\/airprosecurity.com\/en\/outsourcing\/\">Outsourcing<\/a><\/div>\n<\/div>\n<\/div>\n<\/div>\n\n\n\n<div id=\"wp-block-themeisle-blocks-advanced-columns-2c60bc77\" class=\"wp-block-themeisle-blocks-advanced-columns alignfull has-1-columns has-desktop-equal-layout has-tablet-equal-layout has-mobile-collapsedRows-layout has-reverse-columns-mobile has-vertical-center ticss-c00aadba\"><div class=\"wp-block-themeisle-blocks-advanced-columns-overlay\"><\/div><div class=\"innerblocks-wrap\">\n<div id=\"wp-block-themeisle-blocks-advanced-column-75b9263d\" class=\"wp-block-themeisle-blocks-advanced-column\">\n<h1 id=\"wp-block-themeisle-blocks-advanced-heading-5d5675df\" class=\"wp-block-themeisle-blocks-advanced-heading wp-block-themeisle-blocks-advanced-heading-5d5675df\">Looking for More Information?<\/h1>\n\n\n\n<p class=\"has-text-align-center has-nv-site-bg-color has-text-color has-medium-font-size\">We\u2019re here to help<\/p>\n\n\n\n<div class=\"wp-block-buttons is-content-justification-center is-layout-flex wp-container-15\">\n<div class=\"wp-block-button is-style-primary\"><a class=\"wp-block-button__link wp-element-button\" href=\"https:\/\/airprosecurity.com\/en\/contacto\/\">Contact Us<\/a><\/div>\n<\/div>\n<\/div>\n<\/div><\/div>","protected":false},"excerpt":{"rendered":"<p>Outsourcing Delega tareas y optimiza tu negocio con nuestro servicio de outsourcing. Ahorra tiempo y recursos mientras conf\u00edas en expertos. Haz clic para m\u00e1s informaci\u00f3n.<\/p>","protected":false},"author":1,"featured_media":0,"parent":0,"menu_order":0,"comment_status":"closed","ping_status":"closed","template":"","meta":{"neve_meta_sidebar":"full-width","neve_meta_container":"","neve_meta_enable_content_width":"on","neve_meta_content_width":100,"neve_meta_title_alignment":"","neve_meta_author_avatar":"","neve_post_elements_order":"","neve_meta_disable_header":"","neve_meta_disable_footer":"","neve_meta_disable_title":"on","_themeisle_gutenberg_block_has_review":false},"yoast_head":"<!-- This site is optimized with the Yoast SEO plugin v21.8.1 - https:\/\/yoast.com\/wordpress\/plugins\/seo\/ -->\n<title>Servicios - Airpro Security<\/title>\n<meta name=\"description\" content=\"Airpro Security - Las mejores herramientas del mercado, acompa\u00f1ado con un servicio de calidad.\" \/>\n<meta name=\"robots\" content=\"index, follow, max-snippet:-1, max-image-preview:large, max-video-preview:-1\" \/>\n<link rel=\"canonical\" href=\"https:\/\/airprosecurity.com\/en\/servicios\/\" \/>\n<meta property=\"og:locale\" content=\"en_US\" \/>\n<meta property=\"og:type\" content=\"article\" \/>\n<meta property=\"og:title\" content=\"Servicios - Airpro Security\" \/>\n<meta property=\"og:description\" content=\"Airpro Security - Las mejores herramientas del mercado, acompa\u00f1ado con un servicio de calidad.\" \/>\n<meta property=\"og:url\" content=\"https:\/\/airprosecurity.com\/en\/servicios\/\" \/>\n<meta property=\"og:site_name\" content=\"Airpro Security\" \/>\n<meta property=\"article:modified_time\" content=\"2023-07-03T21:09:56+00:00\" \/>\n<meta property=\"og:image\" content=\"http:\/\/airprosecurity.com\/wp-content\/uploads\/2023\/05\/Banner-Web-Airpro-Security-sin-texto_Mesa-de-trabajo-1-copia-3.jpg\" \/>\n<meta name=\"twitter:card\" content=\"summary_large_image\" \/>\n<meta name=\"twitter:label1\" content=\"Est. reading time\" \/>\n\t<meta name=\"twitter:data1\" content=\"2 minutes\" \/>\n<script type=\"application\/ld+json\" class=\"yoast-schema-graph\">{\"@context\":\"https:\/\/schema.org\",\"@graph\":[{\"@type\":\"WebPage\",\"@id\":\"https:\/\/airprosecurity.com\/servicios\/\",\"url\":\"https:\/\/airprosecurity.com\/servicios\/\",\"name\":\"Servicios - Airpro Security\",\"isPartOf\":{\"@id\":\"https:\/\/airprosecurity.com\/#website\"},\"datePublished\":\"2020-01-27T13:05:29+00:00\",\"dateModified\":\"2023-07-03T21:09:56+00:00\",\"description\":\"Airpro Security - Las mejores herramientas del mercado, acompa\u00f1ado con un servicio de calidad.\",\"breadcrumb\":{\"@id\":\"https:\/\/airprosecurity.com\/servicios\/#breadcrumb\"},\"inLanguage\":\"en-US\",\"potentialAction\":[{\"@type\":\"ReadAction\",\"target\":[\"https:\/\/airprosecurity.com\/servicios\/\"]}]},{\"@type\":\"BreadcrumbList\",\"@id\":\"https:\/\/airprosecurity.com\/servicios\/#breadcrumb\",\"itemListElement\":[{\"@type\":\"ListItem\",\"position\":1,\"name\":\"Inicio\",\"item\":\"https:\/\/airprosecurity.com\/\"},{\"@type\":\"ListItem\",\"position\":2,\"name\":\"Servicios\"}]},{\"@type\":\"WebSite\",\"@id\":\"https:\/\/airprosecurity.com\/#website\",\"url\":\"https:\/\/airprosecurity.com\/\",\"name\":\"Airpro Security\",\"description\":\"\",\"publisher\":{\"@id\":\"https:\/\/airprosecurity.com\/#organization\"},\"potentialAction\":[{\"@type\":\"SearchAction\",\"target\":{\"@type\":\"EntryPoint\",\"urlTemplate\":\"https:\/\/airprosecurity.com\/?s={search_term_string}\"},\"query-input\":\"required name=search_term_string\"}],\"inLanguage\":\"en-US\"},{\"@type\":\"Organization\",\"@id\":\"https:\/\/airprosecurity.com\/#organization\",\"name\":\"Airpro Security\",\"alternateName\":\"Airpro Security\",\"url\":\"https:\/\/airprosecurity.com\/\",\"logo\":{\"@type\":\"ImageObject\",\"inLanguage\":\"en-US\",\"@id\":\"https:\/\/airprosecurity.com\/#\/schema\/logo\/image\/\",\"url\":\"http:\/\/airprosecurity.com\/wp-content\/uploads\/2023\/06\/cropped-Logo-Airpro-Security-Isotipo1.png\",\"contentUrl\":\"http:\/\/airprosecurity.com\/wp-content\/uploads\/2023\/06\/cropped-Logo-Airpro-Security-Isotipo1.png\",\"width\":512,\"height\":512,\"caption\":\"Airpro Security\"},\"image\":{\"@id\":\"https:\/\/airprosecurity.com\/#\/schema\/logo\/image\/\"}}]}<\/script>\n<!-- \/ Yoast SEO plugin. -->","yoast_head_json":{"title":"Servicios - Airpro Security","description":"Airpro Security - Las mejores herramientas del mercado, acompa\u00f1ado con un servicio de calidad.","robots":{"index":"index","follow":"follow","max-snippet":"max-snippet:-1","max-image-preview":"max-image-preview:large","max-video-preview":"max-video-preview:-1"},"canonical":"https:\/\/airprosecurity.com\/en\/servicios\/","og_locale":"en_US","og_type":"article","og_title":"Servicios - Airpro Security","og_description":"Airpro Security - Las mejores herramientas del mercado, acompa\u00f1ado con un servicio de calidad.","og_url":"https:\/\/airprosecurity.com\/en\/servicios\/","og_site_name":"Airpro Security","article_modified_time":"2023-07-03T21:09:56+00:00","og_image":[{"url":"http:\/\/airprosecurity.com\/wp-content\/uploads\/2023\/05\/Banner-Web-Airpro-Security-sin-texto_Mesa-de-trabajo-1-copia-3.jpg"}],"twitter_card":"summary_large_image","twitter_misc":{"Est. reading time":"2 minutes"},"schema":{"@context":"https:\/\/schema.org","@graph":[{"@type":"WebPage","@id":"https:\/\/airprosecurity.com\/servicios\/","url":"https:\/\/airprosecurity.com\/servicios\/","name":"Servicios - Airpro Security","isPartOf":{"@id":"https:\/\/airprosecurity.com\/#website"},"datePublished":"2020-01-27T13:05:29+00:00","dateModified":"2023-07-03T21:09:56+00:00","description":"Airpro Security - Las mejores herramientas del mercado, acompa\u00f1ado con un servicio de calidad.","breadcrumb":{"@id":"https:\/\/airprosecurity.com\/servicios\/#breadcrumb"},"inLanguage":"en-US","potentialAction":[{"@type":"ReadAction","target":["https:\/\/airprosecurity.com\/servicios\/"]}]},{"@type":"BreadcrumbList","@id":"https:\/\/airprosecurity.com\/servicios\/#breadcrumb","itemListElement":[{"@type":"ListItem","position":1,"name":"Inicio","item":"https:\/\/airprosecurity.com\/"},{"@type":"ListItem","position":2,"name":"Servicios"}]},{"@type":"WebSite","@id":"https:\/\/airprosecurity.com\/#website","url":"https:\/\/airprosecurity.com\/","name":"Airpro Security","description":"","publisher":{"@id":"https:\/\/airprosecurity.com\/#organization"},"potentialAction":[{"@type":"SearchAction","target":{"@type":"EntryPoint","urlTemplate":"https:\/\/airprosecurity.com\/?s={search_term_string}"},"query-input":"required name=search_term_string"}],"inLanguage":"en-US"},{"@type":"Organization","@id":"https:\/\/airprosecurity.com\/#organization","name":"Airpro Security","alternateName":"Airpro Security","url":"https:\/\/airprosecurity.com\/","logo":{"@type":"ImageObject","inLanguage":"en-US","@id":"https:\/\/airprosecurity.com\/#\/schema\/logo\/image\/","url":"http:\/\/airprosecurity.com\/wp-content\/uploads\/2023\/06\/cropped-Logo-Airpro-Security-Isotipo1.png","contentUrl":"http:\/\/airprosecurity.com\/wp-content\/uploads\/2023\/06\/cropped-Logo-Airpro-Security-Isotipo1.png","width":512,"height":512,"caption":"Airpro Security"},"image":{"@id":"https:\/\/airprosecurity.com\/#\/schema\/logo\/image\/"}}]}},"_links":{"self":[{"href":"https:\/\/airprosecurity.com\/en\/wp-json\/wp\/v2\/pages\/69"}],"collection":[{"href":"https:\/\/airprosecurity.com\/en\/wp-json\/wp\/v2\/pages"}],"about":[{"href":"https:\/\/airprosecurity.com\/en\/wp-json\/wp\/v2\/types\/page"}],"author":[{"embeddable":true,"href":"https:\/\/airprosecurity.com\/en\/wp-json\/wp\/v2\/users\/1"}],"replies":[{"embeddable":true,"href":"https:\/\/airprosecurity.com\/en\/wp-json\/wp\/v2\/comments?post=69"}],"version-history":[{"count":13,"href":"https:\/\/airprosecurity.com\/en\/wp-json\/wp\/v2\/pages\/69\/revisions"}],"predecessor-version":[{"id":881,"href":"https:\/\/airprosecurity.com\/en\/wp-json\/wp\/v2\/pages\/69\/revisions\/881"}],"wp:attachment":[{"href":"https:\/\/airprosecurity.com\/en\/wp-json\/wp\/v2\/media?parent=69"}],"curies":[{"name":"wp","href":"https:\/\/api.w.org\/{rel}","templated":true}]}}