{"id":437,"date":"2023-04-09T13:12:25","date_gmt":"2023-04-09T18:12:25","guid":{"rendered":"https:\/\/airprosecurity.com\/?page_id=437"},"modified":"2023-07-03T09:15:32","modified_gmt":"2023-07-03T14:15:32","slug":"outsourcing","status":"publish","type":"page","link":"https:\/\/airprosecurity.com\/en\/outsourcing\/","title":{"rendered":"Outsourcing"},"content":{"rendered":"<div style=\"height:100px\" aria-hidden=\"true\" class=\"wp-block-spacer\"><\/div>\n\n\n\n<div class=\"wp-block-cover alignfull\" style=\"min-height:500px\"><span aria-hidden=\"true\" class=\"wp-block-cover__background has-nv-light-bg-background-color has-background-dim-0 has-background-dim\"><\/span><img decoding=\"async\" loading=\"lazy\" width=\"1920\" height=\"806\" class=\"wp-block-cover__image-background wp-image-674\" alt=\"\" src=\"http:\/\/airprosecurity.com\/wp-content\/uploads\/2023\/05\/Banner-Web-Airpro-Security-sin-texto_Mesa-de-trabajo-1-copia-3.jpg\" style=\"object-position:100% 54%\" data-object-fit=\"cover\" data-object-position=\"100% 54%\" srcset=\"https:\/\/airprosecurity.com\/wp-content\/uploads\/2023\/05\/Banner-Web-Airpro-Security-sin-texto_Mesa-de-trabajo-1-copia-3.jpg 1920w, https:\/\/airprosecurity.com\/wp-content\/uploads\/2023\/05\/Banner-Web-Airpro-Security-sin-texto_Mesa-de-trabajo-1-copia-3-300x126.jpg 300w, https:\/\/airprosecurity.com\/wp-content\/uploads\/2023\/05\/Banner-Web-Airpro-Security-sin-texto_Mesa-de-trabajo-1-copia-3-1024x430.jpg 1024w, https:\/\/airprosecurity.com\/wp-content\/uploads\/2023\/05\/Banner-Web-Airpro-Security-sin-texto_Mesa-de-trabajo-1-copia-3-768x322.jpg 768w, https:\/\/airprosecurity.com\/wp-content\/uploads\/2023\/05\/Banner-Web-Airpro-Security-sin-texto_Mesa-de-trabajo-1-copia-3-1536x645.jpg 1536w\" sizes=\"(max-width: 1920px) 100vw, 1920px\" \/><div class=\"wp-block-cover__inner-container\">\n<div class=\"wp-block-columns alignwide is-layout-flex wp-container-4\">\n<div class=\"wp-block-column is-vertically-aligned-center is-layout-flow\" style=\"flex-basis:66.66%\">\n<h1 class=\"wp-block-heading has-text-align-left has-nv-site-bg-color has-text-color\">Exclusive Service for You<\/h1>\n\n\n\n<div class=\"wp-block-buttons is-horizontal is-content-justification-left is-layout-flex wp-container-1\">\n<div class=\"wp-block-button is-style-primary\"><a class=\"wp-block-button__link wp-element-button\" href=\"https:\/\/airprosecurity.com\/en\/contacto\/\">Contact Us<\/a><\/div>\n<\/div>\n<\/div>\n\n\n\n<div class=\"wp-block-column is-layout-flow\" style=\"flex-basis:33.33%\"><\/div>\n<\/div>\n<\/div><\/div>\n\n\n\n<div style=\"height:52px\" aria-hidden=\"true\" class=\"wp-block-spacer\"><\/div>\n\n\n\n<div class=\"wp-block-columns is-layout-flex wp-container-7\">\n<div class=\"wp-block-column is-layout-flow\">\n<figure class=\"wp-block-image size-full\"><img decoding=\"async\" loading=\"lazy\" width=\"600\" height=\"600\" src=\"http:\/\/airprosecurity.com\/wp-content\/uploads\/2023\/07\/Banner-Web-Airpro-Security_Mesa-de-trabajo-1-copia-12.jpg\" alt=\"\" class=\"wp-image-839\" srcset=\"https:\/\/airprosecurity.com\/wp-content\/uploads\/2023\/07\/Banner-Web-Airpro-Security_Mesa-de-trabajo-1-copia-12.jpg 600w, https:\/\/airprosecurity.com\/wp-content\/uploads\/2023\/07\/Banner-Web-Airpro-Security_Mesa-de-trabajo-1-copia-12-300x300.jpg 300w, https:\/\/airprosecurity.com\/wp-content\/uploads\/2023\/07\/Banner-Web-Airpro-Security_Mesa-de-trabajo-1-copia-12-150x150.jpg 150w\" sizes=\"(max-width: 600px) 100vw, 600px\" \/><\/figure>\n<\/div>\n\n\n\n<div class=\"wp-block-column is-vertically-aligned-center is-layout-flow\">\n<h2 class=\"wp-block-heading has-neve-link-color-color has-text-color\">Relieve Yourself of IT Responsibilities<\/h2>\n\n\n\n<p class=\"has-nv-text-dark-bg-color has-text-color\">We understand that your time and resources are valuable. That\u2019s why we offer outsourcing services to ease the burden of business management, allowing you to focus on your core business while we handle strategic planning, daily operations, and IT maintenance. This way, you can concentrate on what you do best: growing your business. Let us take care of everything else.<\/p>\n<\/div>\n<\/div>\n\n\n\n<div style=\"height:47px\" aria-hidden=\"true\" class=\"wp-block-spacer\"><\/div>\n\n\n\n<div class=\"wp-block-columns is-layout-flex wp-container-10\">\n<div class=\"wp-block-column is-vertically-aligned-center is-layout-flow\">\n<h2 class=\"wp-block-heading has-neve-link-color-color has-text-color\">Tailored Solutions<\/h2>\n\n\n\n<p class=\"has-nv-text-dark-bg-color has-text-color\">Are you a small or medium-sized business? We focus on providing tailored outsourcing solutions for companies of all sizes and industries. Our team of highly skilled experts understands each client\u2019s unique needs and challenges, delivering customized solutions.<\/p>\n<\/div>\n\n\n\n<div class=\"wp-block-column is-vertically-aligned-center is-layout-flow\">\n<figure class=\"wp-block-image size-full is-style-default\"><img decoding=\"async\" loading=\"lazy\" width=\"600\" height=\"600\" src=\"http:\/\/airprosecurity.com\/wp-content\/uploads\/2023\/07\/Banner-Web-Airpro-Security_Mesa-de-trabajo-1-copia-14.jpg\" alt=\"\" class=\"wp-image-841\" srcset=\"https:\/\/airprosecurity.com\/wp-content\/uploads\/2023\/07\/Banner-Web-Airpro-Security_Mesa-de-trabajo-1-copia-14.jpg 600w, https:\/\/airprosecurity.com\/wp-content\/uploads\/2023\/07\/Banner-Web-Airpro-Security_Mesa-de-trabajo-1-copia-14-300x300.jpg 300w, https:\/\/airprosecurity.com\/wp-content\/uploads\/2023\/07\/Banner-Web-Airpro-Security_Mesa-de-trabajo-1-copia-14-150x150.jpg 150w\" sizes=\"(max-width: 600px) 100vw, 600px\" \/><\/figure>\n<\/div>\n<\/div>\n\n\n\n<div style=\"height:47px\" aria-hidden=\"true\" class=\"wp-block-spacer\"><\/div>\n\n\n\n<div class=\"wp-block-columns is-layout-flex wp-container-14\">\n<div class=\"wp-block-column is-layout-flow\">\n<figure class=\"wp-block-image size-full\"><img decoding=\"async\" loading=\"lazy\" width=\"600\" height=\"600\" src=\"http:\/\/airprosecurity.com\/wp-content\/uploads\/2023\/07\/Banner-Web-Airpro-Security_Mesa-de-trabajo-1-copia-10.jpg\" alt=\"\" class=\"wp-image-837\" srcset=\"https:\/\/airprosecurity.com\/wp-content\/uploads\/2023\/07\/Banner-Web-Airpro-Security_Mesa-de-trabajo-1-copia-10.jpg 600w, https:\/\/airprosecurity.com\/wp-content\/uploads\/2023\/07\/Banner-Web-Airpro-Security_Mesa-de-trabajo-1-copia-10-300x300.jpg 300w, https:\/\/airprosecurity.com\/wp-content\/uploads\/2023\/07\/Banner-Web-Airpro-Security_Mesa-de-trabajo-1-copia-10-150x150.jpg 150w\" sizes=\"(max-width: 600px) 100vw, 600px\" \/><\/figure>\n<\/div>\n\n\n\n<div class=\"wp-block-column is-vertically-aligned-center is-layout-flow\">\n<h2 class=\"wp-block-heading has-neve-link-color-color has-text-color\">Our Services<\/h2>\n\n\n\n<ul>\n<li class=\"has-medium-font-size\">Support Desk \u2013 IT Assistance <\/li>\n\n\n\n<li class=\"has-medium-font-size\">Network &amp; Systems Management<\/li>\n\n\n\n<li class=\"has-medium-font-size\">Perimeter Security<\/li>\n\n\n\n<li class=\"has-medium-font-size\">System Support &amp; Maintenance<\/li>\n<\/ul>\n\n\n\n<div class=\"wp-block-buttons is-layout-flex\"><\/div>\n<\/div>\n<\/div>\n\n\n\n<div style=\"height:47px\" aria-hidden=\"true\" class=\"wp-block-spacer\"><\/div>\n\n\n\n<h2 class=\"wp-block-heading has-text-align-center has-neve-link-color-color has-text-color\">Benefits You\u2019ll Gain from Our Outsourcing Service<\/h2>\n\n\n\n<div id=\"wp-block-themeisle-blocks-advanced-columns-b4146d26\" class=\"wp-block-themeisle-blocks-advanced-columns alignfull has-3-columns has-desktop-equal-layout has-tablet-equal-layout has-mobile-collapsedRows-layout has-vertical-center ticss-c00aadba\"><div class=\"wp-block-themeisle-blocks-advanced-columns-overlay\"><\/div><div class=\"innerblocks-wrap\">\n<div id=\"wp-block-themeisle-blocks-advanced-column-18fe4a0a\" class=\"wp-block-themeisle-blocks-advanced-column\"><div class=\"wp-block-image\">\n<figure class=\"aligncenter size-large is-resized\"><img decoding=\"async\" loading=\"lazy\" src=\"http:\/\/airprosecurity.com\/wp-content\/uploads\/2023\/05\/Recurso-4@4x-831x1024.png\" alt=\"\" class=\"wp-image-586\" width=\"112\" height=\"130\"\/><\/figure><\/div>\n\n\n<h3 id=\"wp-block-themeisle-blocks-advanced-heading-788243ec\" class=\"wp-block-themeisle-blocks-advanced-heading wp-block-themeisle-blocks-advanced-heading-788243ec\">Reduced Costs<\/h3>\n\n\n\n<p class=\"has-text-align-center\"><\/p>\n\n\n\n<div class=\"wp-block-buttons is-vertical is-content-justification-center is-layout-flex wp-container-15\"><\/div>\n<\/div>\n\n\n\n<div id=\"wp-block-themeisle-blocks-advanced-column-b86925fa\" class=\"wp-block-themeisle-blocks-advanced-column\"><div class=\"wp-block-image\">\n<figure class=\"aligncenter size-large is-resized\"><img decoding=\"async\" loading=\"lazy\" src=\"http:\/\/airprosecurity.com\/wp-content\/uploads\/2023\/05\/Recurso-6@4x-1-1024x1024.png\" alt=\"\" class=\"wp-image-588\" width=\"138\" height=\"153\"\/><\/figure><\/div>\n\n\n<h3 id=\"wp-block-themeisle-blocks-advanced-heading-77194bee\" class=\"wp-block-themeisle-blocks-advanced-heading wp-block-themeisle-blocks-advanced-heading-77194bee\">Trained Professionals<\/h3>\n\n\n\n<p class=\"has-text-align-center\"><\/p>\n\n\n\n<div class=\"wp-block-buttons is-vertical is-content-justification-center is-layout-flex wp-container-16\"><\/div>\n<\/div>\n\n\n\n<div id=\"wp-block-themeisle-blocks-advanced-column-d194c3b0\" class=\"wp-block-themeisle-blocks-advanced-column\"><div class=\"wp-block-image\">\n<figure class=\"aligncenter size-large is-resized\"><img decoding=\"async\" loading=\"lazy\" src=\"http:\/\/airprosecurity.com\/wp-content\/uploads\/2023\/05\/Recurso-12@4x-1022x1024.png\" alt=\"\" class=\"wp-image-594\" width=\"138\" height=\"153\"\/><\/figure><\/div>\n\n\n<h3 id=\"wp-block-themeisle-blocks-advanced-heading-9d66dcad\" class=\"wp-block-themeisle-blocks-advanced-heading wp-block-themeisle-blocks-advanced-heading-9d66dcad\">24\/7 Support<\/h3>\n\n\n\n<p class=\"has-text-align-center\"><\/p>\n\n\n\n<div class=\"wp-block-buttons is-vertical is-content-justification-center is-layout-flex wp-container-17\"><\/div>\n<\/div>\n<\/div><\/div>\n\n\n\n<div id=\"wp-block-themeisle-blocks-advanced-columns-2c60bc77\" class=\"wp-block-themeisle-blocks-advanced-columns alignfull has-1-columns has-desktop-equal-layout has-tablet-equal-layout has-mobile-collapsedRows-layout has-reverse-columns-mobile has-vertical-center ticss-c00aadba\"><div class=\"wp-block-themeisle-blocks-advanced-columns-overlay\"><\/div><div class=\"innerblocks-wrap\">\n<div id=\"wp-block-themeisle-blocks-advanced-column-75b9263d\" class=\"wp-block-themeisle-blocks-advanced-column\">\n<p id=\"wp-block-themeisle-blocks-advanced-heading-40ecd43d\" class=\"wp-block-themeisle-blocks-advanced-heading wp-block-themeisle-blocks-advanced-heading-40ecd43d\">Enhance Your Business Efficiency and Save with Our Outsourcing Services<\/p>\n\n\n\n<div class=\"wp-block-buttons is-content-justification-center is-layout-flex wp-container-18\">\n<div class=\"wp-block-button is-style-primary\"><a class=\"wp-block-button__link wp-element-button\" href=\"https:\/\/airprosecurity.com\/en\/contacto\/\">Contact Us<\/a><\/div>\n<\/div>\n<\/div>\n<\/div><\/div>","protected":false},"excerpt":{"rendered":"<p>Lib\u00e9rate de tus funciones de IT En Airpro Security, entendemos que su tiempo y recursos son valiosos, por lo que ofrecemos servicios de outsourcing para aliviar la carga de la gesti\u00f3n empresarial permitiendo enfocarte en tu negocio principal mientras nosotros nos encargamos de la planificaci\u00f3n estrat\u00e9gica, ejecuci\u00f3n diaria y mantenimiento de tu \u00e1rea de IT.&hellip;&nbsp;<a href=\"https:\/\/airprosecurity.com\/en\/outsourcing\/\" class=\"\" rel=\"bookmark\">Read More &raquo;<span class=\"screen-reader-text\">Outsourcing<\/span><\/a><\/p>","protected":false},"author":1,"featured_media":0,"parent":0,"menu_order":0,"comment_status":"closed","ping_status":"closed","template":"","meta":{"neve_meta_sidebar":"default","neve_meta_container":"default","neve_meta_enable_content_width":"","neve_meta_content_width":70,"neve_meta_title_alignment":"","neve_meta_author_avatar":"","neve_post_elements_order":"","neve_meta_disable_header":"","neve_meta_disable_footer":"off","neve_meta_disable_title":"on","_themeisle_gutenberg_block_has_review":false},"yoast_head":"<!-- This site is optimized with the Yoast SEO plugin v21.8.1 - https:\/\/yoast.com\/wordpress\/plugins\/seo\/ -->\n<title>Outsourcing - Airpro Security<\/title>\n<meta name=\"robots\" content=\"index, follow, max-snippet:-1, max-image-preview:large, max-video-preview:-1\" \/>\n<link rel=\"canonical\" href=\"https:\/\/airprosecurity.com\/en\/outsourcing\/\" \/>\n<meta property=\"og:locale\" content=\"en_US\" \/>\n<meta property=\"og:type\" content=\"article\" \/>\n<meta property=\"og:title\" content=\"Outsourcing - Airpro Security\" \/>\n<meta property=\"og:description\" content=\"Lib\u00e9rate de tus funciones de IT En Airpro Security, entendemos que su tiempo y recursos son valiosos, por lo que ofrecemos servicios de outsourcing para aliviar la carga de la gesti\u00f3n empresarial permitiendo enfocarte en tu negocio principal mientras nosotros nos encargamos de la planificaci\u00f3n estrat\u00e9gica, ejecuci\u00f3n diaria y mantenimiento de tu \u00e1rea de IT.&hellip;&nbsp;Read More &raquo;Outsourcing\" \/>\n<meta property=\"og:url\" content=\"https:\/\/airprosecurity.com\/en\/outsourcing\/\" \/>\n<meta property=\"og:site_name\" content=\"Airpro Security\" \/>\n<meta property=\"article:modified_time\" content=\"2023-07-03T14:15:32+00:00\" \/>\n<meta property=\"og:image\" content=\"http:\/\/airprosecurity.com\/wp-content\/uploads\/2023\/05\/Banner-Web-Airpro-Security-sin-texto_Mesa-de-trabajo-1-copia-3.jpg\" \/>\n<meta name=\"twitter:card\" content=\"summary_large_image\" \/>\n<meta name=\"twitter:label1\" content=\"Est. reading time\" \/>\n\t<meta name=\"twitter:data1\" content=\"1 minute\" \/>\n<script type=\"application\/ld+json\" class=\"yoast-schema-graph\">{\"@context\":\"https:\/\/schema.org\",\"@graph\":[{\"@type\":\"WebPage\",\"@id\":\"https:\/\/airprosecurity.com\/outsourcing\/\",\"url\":\"https:\/\/airprosecurity.com\/outsourcing\/\",\"name\":\"Outsourcing - Airpro Security\",\"isPartOf\":{\"@id\":\"https:\/\/airprosecurity.com\/#website\"},\"datePublished\":\"2023-04-09T18:12:25+00:00\",\"dateModified\":\"2023-07-03T14:15:32+00:00\",\"breadcrumb\":{\"@id\":\"https:\/\/airprosecurity.com\/outsourcing\/#breadcrumb\"},\"inLanguage\":\"en-US\",\"potentialAction\":[{\"@type\":\"ReadAction\",\"target\":[\"https:\/\/airprosecurity.com\/outsourcing\/\"]}]},{\"@type\":\"BreadcrumbList\",\"@id\":\"https:\/\/airprosecurity.com\/outsourcing\/#breadcrumb\",\"itemListElement\":[{\"@type\":\"ListItem\",\"position\":1,\"name\":\"Inicio\",\"item\":\"https:\/\/airprosecurity.com\/\"},{\"@type\":\"ListItem\",\"position\":2,\"name\":\"Outsourcing\"}]},{\"@type\":\"WebSite\",\"@id\":\"https:\/\/airprosecurity.com\/#website\",\"url\":\"https:\/\/airprosecurity.com\/\",\"name\":\"Airpro Security\",\"description\":\"\",\"publisher\":{\"@id\":\"https:\/\/airprosecurity.com\/#organization\"},\"potentialAction\":[{\"@type\":\"SearchAction\",\"target\":{\"@type\":\"EntryPoint\",\"urlTemplate\":\"https:\/\/airprosecurity.com\/?s={search_term_string}\"},\"query-input\":\"required name=search_term_string\"}],\"inLanguage\":\"en-US\"},{\"@type\":\"Organization\",\"@id\":\"https:\/\/airprosecurity.com\/#organization\",\"name\":\"Airpro Security\",\"alternateName\":\"Airpro Security\",\"url\":\"https:\/\/airprosecurity.com\/\",\"logo\":{\"@type\":\"ImageObject\",\"inLanguage\":\"en-US\",\"@id\":\"https:\/\/airprosecurity.com\/#\/schema\/logo\/image\/\",\"url\":\"http:\/\/airprosecurity.com\/wp-content\/uploads\/2023\/06\/cropped-Logo-Airpro-Security-Isotipo1.png\",\"contentUrl\":\"http:\/\/airprosecurity.com\/wp-content\/uploads\/2023\/06\/cropped-Logo-Airpro-Security-Isotipo1.png\",\"width\":512,\"height\":512,\"caption\":\"Airpro Security\"},\"image\":{\"@id\":\"https:\/\/airprosecurity.com\/#\/schema\/logo\/image\/\"}}]}<\/script>\n<!-- \/ Yoast SEO plugin. -->","yoast_head_json":{"title":"Outsourcing - Airpro Security","robots":{"index":"index","follow":"follow","max-snippet":"max-snippet:-1","max-image-preview":"max-image-preview:large","max-video-preview":"max-video-preview:-1"},"canonical":"https:\/\/airprosecurity.com\/en\/outsourcing\/","og_locale":"en_US","og_type":"article","og_title":"Outsourcing - Airpro Security","og_description":"Lib\u00e9rate de tus funciones de IT En Airpro Security, entendemos que su tiempo y recursos son valiosos, por lo que ofrecemos servicios de outsourcing para aliviar la carga de la gesti\u00f3n empresarial permitiendo enfocarte en tu negocio principal mientras nosotros nos encargamos de la planificaci\u00f3n estrat\u00e9gica, ejecuci\u00f3n diaria y mantenimiento de tu \u00e1rea de IT.&hellip;&nbsp;Read More &raquo;Outsourcing","og_url":"https:\/\/airprosecurity.com\/en\/outsourcing\/","og_site_name":"Airpro Security","article_modified_time":"2023-07-03T14:15:32+00:00","og_image":[{"url":"http:\/\/airprosecurity.com\/wp-content\/uploads\/2023\/05\/Banner-Web-Airpro-Security-sin-texto_Mesa-de-trabajo-1-copia-3.jpg"}],"twitter_card":"summary_large_image","twitter_misc":{"Est. reading time":"1 minute"},"schema":{"@context":"https:\/\/schema.org","@graph":[{"@type":"WebPage","@id":"https:\/\/airprosecurity.com\/outsourcing\/","url":"https:\/\/airprosecurity.com\/outsourcing\/","name":"Outsourcing - Airpro Security","isPartOf":{"@id":"https:\/\/airprosecurity.com\/#website"},"datePublished":"2023-04-09T18:12:25+00:00","dateModified":"2023-07-03T14:15:32+00:00","breadcrumb":{"@id":"https:\/\/airprosecurity.com\/outsourcing\/#breadcrumb"},"inLanguage":"en-US","potentialAction":[{"@type":"ReadAction","target":["https:\/\/airprosecurity.com\/outsourcing\/"]}]},{"@type":"BreadcrumbList","@id":"https:\/\/airprosecurity.com\/outsourcing\/#breadcrumb","itemListElement":[{"@type":"ListItem","position":1,"name":"Inicio","item":"https:\/\/airprosecurity.com\/"},{"@type":"ListItem","position":2,"name":"Outsourcing"}]},{"@type":"WebSite","@id":"https:\/\/airprosecurity.com\/#website","url":"https:\/\/airprosecurity.com\/","name":"Airpro Security","description":"","publisher":{"@id":"https:\/\/airprosecurity.com\/#organization"},"potentialAction":[{"@type":"SearchAction","target":{"@type":"EntryPoint","urlTemplate":"https:\/\/airprosecurity.com\/?s={search_term_string}"},"query-input":"required name=search_term_string"}],"inLanguage":"en-US"},{"@type":"Organization","@id":"https:\/\/airprosecurity.com\/#organization","name":"Airpro Security","alternateName":"Airpro Security","url":"https:\/\/airprosecurity.com\/","logo":{"@type":"ImageObject","inLanguage":"en-US","@id":"https:\/\/airprosecurity.com\/#\/schema\/logo\/image\/","url":"http:\/\/airprosecurity.com\/wp-content\/uploads\/2023\/06\/cropped-Logo-Airpro-Security-Isotipo1.png","contentUrl":"http:\/\/airprosecurity.com\/wp-content\/uploads\/2023\/06\/cropped-Logo-Airpro-Security-Isotipo1.png","width":512,"height":512,"caption":"Airpro Security"},"image":{"@id":"https:\/\/airprosecurity.com\/#\/schema\/logo\/image\/"}}]}},"_links":{"self":[{"href":"https:\/\/airprosecurity.com\/en\/wp-json\/wp\/v2\/pages\/437"}],"collection":[{"href":"https:\/\/airprosecurity.com\/en\/wp-json\/wp\/v2\/pages"}],"about":[{"href":"https:\/\/airprosecurity.com\/en\/wp-json\/wp\/v2\/types\/page"}],"author":[{"embeddable":true,"href":"https:\/\/airprosecurity.com\/en\/wp-json\/wp\/v2\/users\/1"}],"replies":[{"embeddable":true,"href":"https:\/\/airprosecurity.com\/en\/wp-json\/wp\/v2\/comments?post=437"}],"version-history":[{"count":42,"href":"https:\/\/airprosecurity.com\/en\/wp-json\/wp\/v2\/pages\/437\/revisions"}],"predecessor-version":[{"id":865,"href":"https:\/\/airprosecurity.com\/en\/wp-json\/wp\/v2\/pages\/437\/revisions\/865"}],"wp:attachment":[{"href":"https:\/\/airprosecurity.com\/en\/wp-json\/wp\/v2\/media?parent=437"}],"curies":[{"name":"wp","href":"https:\/\/api.w.org\/{rel}","templated":true}]}}