{"id":430,"date":"2023-04-09T13:06:30","date_gmt":"2023-04-09T18:06:30","guid":{"rendered":"https:\/\/airprosecurity.com\/?page_id=430"},"modified":"2023-07-03T09:20:06","modified_gmt":"2023-07-03T14:20:06","slug":"vpn","status":"publish","type":"page","link":"https:\/\/airprosecurity.com\/en\/vpn\/","title":{"rendered":"Remote Access"},"content":{"rendered":"<div style=\"height:100px\" aria-hidden=\"true\" class=\"wp-block-spacer\"><\/div>\n\n\n\n<div class=\"wp-block-cover alignfull\" style=\"min-height:500px\"><span aria-hidden=\"true\" class=\"wp-block-cover__background has-nv-light-bg-background-color has-background-dim-0 has-background-dim\"><\/span><img decoding=\"async\" loading=\"lazy\" width=\"1920\" height=\"806\" class=\"wp-block-cover__image-background wp-image-674\" alt=\"\" src=\"http:\/\/airprosecurity.com\/wp-content\/uploads\/2023\/05\/Banner-Web-Airpro-Security-sin-texto_Mesa-de-trabajo-1-copia-3.jpg\" data-object-fit=\"cover\" srcset=\"https:\/\/airprosecurity.com\/wp-content\/uploads\/2023\/05\/Banner-Web-Airpro-Security-sin-texto_Mesa-de-trabajo-1-copia-3.jpg 1920w, https:\/\/airprosecurity.com\/wp-content\/uploads\/2023\/05\/Banner-Web-Airpro-Security-sin-texto_Mesa-de-trabajo-1-copia-3-300x126.jpg 300w, https:\/\/airprosecurity.com\/wp-content\/uploads\/2023\/05\/Banner-Web-Airpro-Security-sin-texto_Mesa-de-trabajo-1-copia-3-1024x430.jpg 1024w, https:\/\/airprosecurity.com\/wp-content\/uploads\/2023\/05\/Banner-Web-Airpro-Security-sin-texto_Mesa-de-trabajo-1-copia-3-768x322.jpg 768w, https:\/\/airprosecurity.com\/wp-content\/uploads\/2023\/05\/Banner-Web-Airpro-Security-sin-texto_Mesa-de-trabajo-1-copia-3-1536x645.jpg 1536w\" sizes=\"(max-width: 1920px) 100vw, 1920px\" \/><div class=\"wp-block-cover__inner-container\">\n<div class=\"wp-block-columns alignwide is-layout-flex wp-container-4\">\n<div class=\"wp-block-column is-vertically-aligned-center is-layout-flow\" style=\"flex-basis:66.66%\">\n<h1 class=\"wp-block-heading has-text-align-left has-nv-site-bg-color has-text-color\">More than just security<\/h1>\n\n\n\n<div class=\"wp-block-buttons is-horizontal is-content-justification-left is-layout-flex wp-container-1\">\n<div class=\"wp-block-button is-style-primary\"><a class=\"wp-block-button__link wp-element-button\" href=\"https:\/\/airprosecurity.com\/en\/contacto\/\">Contact Us<\/a><\/div>\n<\/div>\n<\/div>\n\n\n\n<div class=\"wp-block-column is-layout-flow\" style=\"flex-basis:33.33%\"><\/div>\n<\/div>\n<\/div><\/div>\n\n\n\n<hr class=\"wp-block-separator has-css-opacity is-style-default\"\/>\n\n\n<div class=\"wp-block-image is-style-rounded\">\n<figure class=\"aligncenter size-large is-resized\"><img decoding=\"async\" loading=\"lazy\" src=\"http:\/\/airprosecurity.com\/wp-content\/uploads\/2023\/06\/pexels-kevin-paster-1901388-1024x665.jpg\" alt=\"\" class=\"wp-image-731\" width=\"512\" height=\"333\" srcset=\"https:\/\/airprosecurity.com\/wp-content\/uploads\/2023\/06\/pexels-kevin-paster-1901388-1024x665.jpg 1024w, https:\/\/airprosecurity.com\/wp-content\/uploads\/2023\/06\/pexels-kevin-paster-1901388-300x195.jpg 300w, https:\/\/airprosecurity.com\/wp-content\/uploads\/2023\/06\/pexels-kevin-paster-1901388-768x499.jpg 768w, https:\/\/airprosecurity.com\/wp-content\/uploads\/2023\/06\/pexels-kevin-paster-1901388-1536x997.jpg 1536w, https:\/\/airprosecurity.com\/wp-content\/uploads\/2023\/06\/pexels-kevin-paster-1901388-2048x1329.jpg 2048w\" sizes=\"(max-width: 512px) 100vw, 512px\" \/><\/figure><\/div>\n\n\n<blockquote class=\"wp-block-quote has-text-align-center is-style-large\">\n<p class=\"has-nv-text-dark-bg-color has-text-color\">Worried about data? Want safe access to your company\u2019s internal information?<\/p>\n\n\n\n<p class=\"has-nv-text-dark-bg-color has-text-color\">A VPN is an IT security solution that allows you to encrypt your internet connection and protect your online privacy. By using it, you can securely access internal information and servers, enabling reliable remote work.<\/p>\n<\/blockquote>\n\n\n\n<hr class=\"wp-block-separator has-css-opacity is-style-default\"\/>\n\n\n\n<div style=\"height:34px\" aria-hidden=\"true\" class=\"wp-block-spacer\"><\/div>\n\n\n\n<div class=\"wp-block-media-text alignwide is-stacked-on-mobile\"><figure class=\"wp-block-media-text__media\"><img decoding=\"async\" loading=\"lazy\" width=\"1024\" height=\"690\" src=\"http:\/\/airprosecurity.com\/wp-content\/uploads\/2023\/06\/privecstasy-CXlqHmQy3MY-unsplash-1024x690.jpg\" alt=\"\" class=\"wp-image-728 size-full\" srcset=\"https:\/\/airprosecurity.com\/wp-content\/uploads\/2023\/06\/privecstasy-CXlqHmQy3MY-unsplash-1024x690.jpg 1024w, https:\/\/airprosecurity.com\/wp-content\/uploads\/2023\/06\/privecstasy-CXlqHmQy3MY-unsplash-300x202.jpg 300w, https:\/\/airprosecurity.com\/wp-content\/uploads\/2023\/06\/privecstasy-CXlqHmQy3MY-unsplash-768x518.jpg 768w, https:\/\/airprosecurity.com\/wp-content\/uploads\/2023\/06\/privecstasy-CXlqHmQy3MY-unsplash-1536x1036.jpg 1536w, https:\/\/airprosecurity.com\/wp-content\/uploads\/2023\/06\/privecstasy-CXlqHmQy3MY-unsplash-2048x1381.jpg 2048w\" sizes=\"(max-width: 1024px) 100vw, 1024px\" \/><\/figure><div class=\"wp-block-media-text__content\">\n<ul class=\"has-nv-text-dark-bg-color has-text-color\">\n<li><strong>Secure Remote Access<\/strong> Allows secure access to the company network, enhancing flexibility and productivity.<\/li>\n\n\n\n<li><strong>Protection:<\/strong> Protect your company\u2019s sensitive information from potential cyberattacks.<\/li>\n\n\n\n<li><strong>Secure Access to Private Networks and Cloud Services:<\/strong> Secure access to private networks and cloud services enables businesses to optimize operations and increase efficiency.<\/li>\n<\/ul>\n<\/div><\/div>\n\n\n\n<div style=\"height:34px\" aria-hidden=\"true\" class=\"wp-block-spacer\"><\/div>\n\n\n\n<hr class=\"wp-block-separator has-alpha-channel-opacity\"\/>\n\n\n\n<p class=\"has-text-align-center o-typing-delay-100ms\"><\/p>\n\n\n\n<div id=\"wp-block-themeisle-blocks-flip-fac7309b\" class=\"wp-block-themeisle-blocks-flip anim flipY\"><div class=\"o-flip-inner\"><div class=\"o-flip-front\"><div class=\"o-flip-content\"><h3>Getting Started with Your VPN Solution<\/h3><p><\/p><\/div><\/div><div class=\"o-flip-back\">\n<p><\/p>\n\n\n\n<p class=\"has-nv-text-dark-bg-color has-text-color\">1. <strong>Book a Session<\/strong> with our experts who will help you identify the best solution for you. <\/p>\n\n\n\n<p class=\"has-nv-text-dark-bg-color has-text-color\">2.<strong>We Will Propose<\/strong> a solution that meets your requirements while being the most efficient and user-friendly for your business.<\/p>\n\n\n\n<p class=\"has-nv-text-dark-bg-color has-text-color\">3.<strong>We Will Support You <\/strong>in the implementation and training of your new solution.<\/p>\n<\/div><\/div><\/div>\n\n\n\n<div style=\"height:100px\" aria-hidden=\"true\" class=\"wp-block-spacer\"><\/div>\n\n\n\n<h2 class=\"wp-block-heading has-text-align-center has-neve-link-color-color has-text-color\">We Invite You to Learn More About VPN<\/h2>\n\n\n<div class=\"wp-block-image\">\n<figure class=\"aligncenter size-large is-resized\"><a href=\"https:\/\/airprosecurity.com\/en\/the-importance-of-vpn-for-enhanced-online-ecurity\/\"><img decoding=\"async\" loading=\"lazy\" src=\"http:\/\/airprosecurity.com\/wp-content\/uploads\/2023\/06\/map-4636843_1920-1024x655.jpg\" alt=\"\" class=\"wp-image-752\" width=\"768\" height=\"491\" srcset=\"https:\/\/airprosecurity.com\/wp-content\/uploads\/2023\/06\/map-4636843_1920-1024x655.jpg 1024w, https:\/\/airprosecurity.com\/wp-content\/uploads\/2023\/06\/map-4636843_1920-300x192.jpg 300w, https:\/\/airprosecurity.com\/wp-content\/uploads\/2023\/06\/map-4636843_1920-768x491.jpg 768w, https:\/\/airprosecurity.com\/wp-content\/uploads\/2023\/06\/map-4636843_1920-1536x982.jpg 1536w, https:\/\/airprosecurity.com\/wp-content\/uploads\/2023\/06\/map-4636843_1920.jpg 1920w\" sizes=\"(max-width: 768px) 100vw, 768px\" \/><\/a><figcaption class=\"wp-element-caption\"><a href=\"https:\/\/airprosecurity.com\/en\/the-importance-of-vpn-for-enhanced-online-ecurity\/\" data-type=\"post\" data-id=\"352\">The Importance of VPN for Enhanced Online Security<\/a><\/figcaption><\/figure><\/div>\n\n\n<div style=\"height:79px\" aria-hidden=\"true\" class=\"wp-block-spacer\"><\/div>\n\n\n\n<div id=\"wp-block-themeisle-blocks-advanced-columns-678cc482\" class=\"wp-block-themeisle-blocks-advanced-columns alignfull has-1-columns has-desktop-equal-layout has-tablet-equal-layout has-mobile-collapsedRows-layout has-reverse-columns-mobile has-vertical-bottom ticss-c00aadba\"><div class=\"wp-block-themeisle-blocks-advanced-columns-overlay\"><\/div><div class=\"innerblocks-wrap\">\n<div id=\"wp-block-themeisle-blocks-advanced-column-4d412c51\" class=\"wp-block-themeisle-blocks-advanced-column\">\n<h2 id=\"wp-block-themeisle-blocks-advanced-heading-fb3c7a39\" class=\"wp-block-themeisle-blocks-advanced-heading wp-block-themeisle-blocks-advanced-heading-fb3c7a39\">Start Using the Best Tools on the Market<\/h2>\n\n\n\n<p class=\"has-text-align-center has-text-color has-medium-font-size\" style=\"color:#fefefe\">Contact an Expert<\/p>\n\n\n\n<div class=\"wp-block-buttons is-content-justification-center is-layout-flex wp-container-5\">\n<div class=\"wp-block-button is-style-primary\"><a class=\"wp-block-button__link wp-element-button\" href=\"https:\/\/airprosecurity.com\/en\/contacto\/\">Contact Us<\/a><\/div>\n<\/div>\n<\/div>\n<\/div><\/div>","protected":false},"excerpt":{"rendered":"<p>\u00bfTe preocupa la seguridad en l\u00ednea? \u00bfNecesitas acceder a contenido interno de tu empresa? VPN es una soluci\u00f3n de seguridad inform\u00e1tica que te permite cifrar tu conexi\u00f3n a Internet y proteger tu privacidad en l\u00ednea. Al utilizarla, puedes acceder de forma segura a informaci\u00f3n y servidores internos y trabajar de forma remota de manera confiable.&hellip;&nbsp;<a href=\"https:\/\/airprosecurity.com\/en\/vpn\/\" class=\"\" rel=\"bookmark\">Read More &raquo;<span class=\"screen-reader-text\">Remote Access<\/span><\/a><\/p>","protected":false},"author":1,"featured_media":0,"parent":0,"menu_order":0,"comment_status":"closed","ping_status":"closed","template":"","meta":{"neve_meta_sidebar":"","neve_meta_container":"","neve_meta_enable_content_width":"","neve_meta_content_width":0,"neve_meta_title_alignment":"","neve_meta_author_avatar":"","neve_post_elements_order":"","neve_meta_disable_header":"","neve_meta_disable_footer":"","neve_meta_disable_title":"on","_themeisle_gutenberg_block_has_review":false},"yoast_head":"<!-- This site is optimized with the Yoast SEO plugin v21.8.1 - https:\/\/yoast.com\/wordpress\/plugins\/seo\/ -->\n<title>VPN - Airpro Security<\/title>\n<meta name=\"robots\" content=\"index, follow, max-snippet:-1, max-image-preview:large, max-video-preview:-1\" \/>\n<link rel=\"canonical\" href=\"https:\/\/airprosecurity.com\/en\/vpn\/\" \/>\n<meta property=\"og:locale\" content=\"en_US\" \/>\n<meta property=\"og:type\" content=\"article\" \/>\n<meta property=\"og:title\" content=\"VPN - Airpro Security\" \/>\n<meta property=\"og:description\" content=\"\u00bfTe preocupa la seguridad en l\u00ednea? \u00bfNecesitas acceder a contenido interno de tu empresa? VPN es una soluci\u00f3n de seguridad inform\u00e1tica que te permite cifrar tu conexi\u00f3n a Internet y proteger tu privacidad en l\u00ednea. Al utilizarla, puedes acceder de forma segura a informaci\u00f3n y servidores internos y trabajar de forma remota de manera confiable.&hellip;&nbsp;Read More &raquo;VPN\" \/>\n<meta property=\"og:url\" content=\"https:\/\/airprosecurity.com\/en\/vpn\/\" \/>\n<meta property=\"og:site_name\" content=\"Airpro Security\" \/>\n<meta property=\"article:modified_time\" content=\"2023-07-03T14:20:06+00:00\" \/>\n<meta property=\"og:image\" content=\"http:\/\/airprosecurity.com\/wp-content\/uploads\/2023\/05\/Banner-Web-Airpro-Security-sin-texto_Mesa-de-trabajo-1-copia-3.jpg\" \/>\n<meta name=\"twitter:card\" content=\"summary_large_image\" \/>\n<meta name=\"twitter:label1\" content=\"Est. reading time\" \/>\n\t<meta name=\"twitter:data1\" content=\"1 minute\" \/>\n<script type=\"application\/ld+json\" class=\"yoast-schema-graph\">{\"@context\":\"https:\/\/schema.org\",\"@graph\":[{\"@type\":\"WebPage\",\"@id\":\"https:\/\/airprosecurity.com\/vpn\/\",\"url\":\"https:\/\/airprosecurity.com\/vpn\/\",\"name\":\"VPN - Airpro Security\",\"isPartOf\":{\"@id\":\"https:\/\/airprosecurity.com\/#website\"},\"datePublished\":\"2023-04-09T18:06:30+00:00\",\"dateModified\":\"2023-07-03T14:20:06+00:00\",\"breadcrumb\":{\"@id\":\"https:\/\/airprosecurity.com\/vpn\/#breadcrumb\"},\"inLanguage\":\"en-US\",\"potentialAction\":[{\"@type\":\"ReadAction\",\"target\":[\"https:\/\/airprosecurity.com\/vpn\/\"]}]},{\"@type\":\"BreadcrumbList\",\"@id\":\"https:\/\/airprosecurity.com\/vpn\/#breadcrumb\",\"itemListElement\":[{\"@type\":\"ListItem\",\"position\":1,\"name\":\"Inicio\",\"item\":\"https:\/\/airprosecurity.com\/\"},{\"@type\":\"ListItem\",\"position\":2,\"name\":\"VPN\"}]},{\"@type\":\"WebSite\",\"@id\":\"https:\/\/airprosecurity.com\/#website\",\"url\":\"https:\/\/airprosecurity.com\/\",\"name\":\"Airpro Security\",\"description\":\"\",\"publisher\":{\"@id\":\"https:\/\/airprosecurity.com\/#organization\"},\"potentialAction\":[{\"@type\":\"SearchAction\",\"target\":{\"@type\":\"EntryPoint\",\"urlTemplate\":\"https:\/\/airprosecurity.com\/?s={search_term_string}\"},\"query-input\":\"required name=search_term_string\"}],\"inLanguage\":\"en-US\"},{\"@type\":\"Organization\",\"@id\":\"https:\/\/airprosecurity.com\/#organization\",\"name\":\"Airpro Security\",\"alternateName\":\"Airpro Security\",\"url\":\"https:\/\/airprosecurity.com\/\",\"logo\":{\"@type\":\"ImageObject\",\"inLanguage\":\"en-US\",\"@id\":\"https:\/\/airprosecurity.com\/#\/schema\/logo\/image\/\",\"url\":\"http:\/\/airprosecurity.com\/wp-content\/uploads\/2023\/06\/cropped-Logo-Airpro-Security-Isotipo1.png\",\"contentUrl\":\"http:\/\/airprosecurity.com\/wp-content\/uploads\/2023\/06\/cropped-Logo-Airpro-Security-Isotipo1.png\",\"width\":512,\"height\":512,\"caption\":\"Airpro Security\"},\"image\":{\"@id\":\"https:\/\/airprosecurity.com\/#\/schema\/logo\/image\/\"}}]}<\/script>\n<!-- \/ Yoast SEO plugin. -->","yoast_head_json":{"title":"VPN - Airpro Security","robots":{"index":"index","follow":"follow","max-snippet":"max-snippet:-1","max-image-preview":"max-image-preview:large","max-video-preview":"max-video-preview:-1"},"canonical":"https:\/\/airprosecurity.com\/en\/vpn\/","og_locale":"en_US","og_type":"article","og_title":"VPN - Airpro Security","og_description":"\u00bfTe preocupa la seguridad en l\u00ednea? \u00bfNecesitas acceder a contenido interno de tu empresa? VPN es una soluci\u00f3n de seguridad inform\u00e1tica que te permite cifrar tu conexi\u00f3n a Internet y proteger tu privacidad en l\u00ednea. Al utilizarla, puedes acceder de forma segura a informaci\u00f3n y servidores internos y trabajar de forma remota de manera confiable.&hellip;&nbsp;Read More &raquo;VPN","og_url":"https:\/\/airprosecurity.com\/en\/vpn\/","og_site_name":"Airpro Security","article_modified_time":"2023-07-03T14:20:06+00:00","og_image":[{"url":"http:\/\/airprosecurity.com\/wp-content\/uploads\/2023\/05\/Banner-Web-Airpro-Security-sin-texto_Mesa-de-trabajo-1-copia-3.jpg"}],"twitter_card":"summary_large_image","twitter_misc":{"Est. reading time":"1 minute"},"schema":{"@context":"https:\/\/schema.org","@graph":[{"@type":"WebPage","@id":"https:\/\/airprosecurity.com\/vpn\/","url":"https:\/\/airprosecurity.com\/vpn\/","name":"VPN - Airpro Security","isPartOf":{"@id":"https:\/\/airprosecurity.com\/#website"},"datePublished":"2023-04-09T18:06:30+00:00","dateModified":"2023-07-03T14:20:06+00:00","breadcrumb":{"@id":"https:\/\/airprosecurity.com\/vpn\/#breadcrumb"},"inLanguage":"en-US","potentialAction":[{"@type":"ReadAction","target":["https:\/\/airprosecurity.com\/vpn\/"]}]},{"@type":"BreadcrumbList","@id":"https:\/\/airprosecurity.com\/vpn\/#breadcrumb","itemListElement":[{"@type":"ListItem","position":1,"name":"Inicio","item":"https:\/\/airprosecurity.com\/"},{"@type":"ListItem","position":2,"name":"VPN"}]},{"@type":"WebSite","@id":"https:\/\/airprosecurity.com\/#website","url":"https:\/\/airprosecurity.com\/","name":"Airpro Security","description":"","publisher":{"@id":"https:\/\/airprosecurity.com\/#organization"},"potentialAction":[{"@type":"SearchAction","target":{"@type":"EntryPoint","urlTemplate":"https:\/\/airprosecurity.com\/?s={search_term_string}"},"query-input":"required name=search_term_string"}],"inLanguage":"en-US"},{"@type":"Organization","@id":"https:\/\/airprosecurity.com\/#organization","name":"Airpro Security","alternateName":"Airpro Security","url":"https:\/\/airprosecurity.com\/","logo":{"@type":"ImageObject","inLanguage":"en-US","@id":"https:\/\/airprosecurity.com\/#\/schema\/logo\/image\/","url":"http:\/\/airprosecurity.com\/wp-content\/uploads\/2023\/06\/cropped-Logo-Airpro-Security-Isotipo1.png","contentUrl":"http:\/\/airprosecurity.com\/wp-content\/uploads\/2023\/06\/cropped-Logo-Airpro-Security-Isotipo1.png","width":512,"height":512,"caption":"Airpro Security"},"image":{"@id":"https:\/\/airprosecurity.com\/#\/schema\/logo\/image\/"}}]}},"_links":{"self":[{"href":"https:\/\/airprosecurity.com\/en\/wp-json\/wp\/v2\/pages\/430"}],"collection":[{"href":"https:\/\/airprosecurity.com\/en\/wp-json\/wp\/v2\/pages"}],"about":[{"href":"https:\/\/airprosecurity.com\/en\/wp-json\/wp\/v2\/types\/page"}],"author":[{"embeddable":true,"href":"https:\/\/airprosecurity.com\/en\/wp-json\/wp\/v2\/users\/1"}],"replies":[{"embeddable":true,"href":"https:\/\/airprosecurity.com\/en\/wp-json\/wp\/v2\/comments?post=430"}],"version-history":[{"count":37,"href":"https:\/\/airprosecurity.com\/en\/wp-json\/wp\/v2\/pages\/430\/revisions"}],"predecessor-version":[{"id":856,"href":"https:\/\/airprosecurity.com\/en\/wp-json\/wp\/v2\/pages\/430\/revisions\/856"}],"wp:attachment":[{"href":"https:\/\/airprosecurity.com\/en\/wp-json\/wp\/v2\/media?parent=430"}],"curies":[{"name":"wp","href":"https:\/\/api.w.org\/{rel}","templated":true}]}}