{"id":3,"date":"2023-04-01T14:53:13","date_gmt":"2023-04-01T19:53:13","guid":{"rendered":"http:\/\/airprosecurity.com\/?page_id=3"},"modified":"2023-07-03T16:01:36","modified_gmt":"2023-07-03T21:01:36","slug":"politica-privacidad","status":"publish","type":"page","link":"https:\/\/airprosecurity.com\/en\/politica-privacidad\/","title":{"rendered":"Politica de privacidad"},"content":{"rendered":"<h2 class=\"wp-block-heading\">Privacy Policy<\/h2>\n\n\n\n<h1 class=\"wp-block-heading has-neve-link-color-color has-text-color\">Privacy Policy<\/h1>\n\n\n\n<h2 class=\"wp-block-heading has-neve-link-hover-color-color has-text-color\">About Us<\/h2>\n\n\n\n<p class=\"has-nv-text-dark-bg-color has-text-color\">The Website <a href=\"https:\/\/airprosecurity.com\/en\/\">airprosecurity.com<\/a> is owned by Airpro Security, which is a data controller of your personal data.<\/p>\n\n\n\n<p class=\"has-nv-text-dark-bg-color has-text-color\">We have adopted this Privacy Policy, which outlines how we process the information collected by airprosecurity.com and explains the reasons why we collect certain personal data about you. Therefore, you should read this Privacy Policy before using the airprosecurity.com website.<\/p>\n\n\n\n<p class=\"has-nv-text-dark-bg-color has-text-color\">We take care of your personal data and are committed to ensuring its confidentiality and security.<\/p>\n\n\n\n<h2 class=\"wp-block-heading has-neve-link-hover-color-color has-text-color\"><strong>Personal Information We Collect:<\/strong><\/h2>\n\n\n\n<p class=\"has-nv-text-dark-bg-color has-text-color\">When you visit airprosecurity.com, we automatically collect certain information about your device, including details about your web browser, IP address, time zone, and some of the cookies installed on your device. Additionally, as you browse the site, we collect information about the individual web pages or products you view, which websites or search terms referred you to the site, and how you interact with it. We refer to this automatically collected information as \u201cDevice Information.\u201d Furthermore, we may collect the personal data you voluntarily provide to us (including, but not limited to, first name, last name, address, payment information, etc.) during registration in order to fulfill the agreement.<\/p>\n\n\n\n<h2 class=\"wp-block-heading has-neve-link-hover-color-color has-text-color\"><strong>Why Do We Process Your Data?<\/strong><\/h2>\n\n\n\n<p class=\"has-nv-text-dark-bg-color has-text-color\">Our top priority is the security of customer data, and as such, we process only the minimal user data necessary to maintain the website. Automatically collected information is used solely to identify potential cases of abuse and to generate statistical data about website usage. This statistical information is aggregated in a way that does not identify any individual user of the system.<\/p>\n\n\n\n<p class=\"has-nv-text-dark-bg-color has-text-color\">You can visit the site without telling us who you are or revealing any information that could identify you as an individual. However, if you wish to use certain website features, subscribe to our newsletter, or provide other details by filling out a form, you may provide us with personal data such as your email address, first and last name, city of residence, organization, and phone number. You may choose not to provide your personal data, but you may not be able to take full advantage of some website features. For example, you will not be able to receive our newsletter or contact us directly through the website. Users who are unsure which information is required may contact us at info@airprosecurity.com\n.<\/p>\n\n\n\n<h2 class=\"wp-block-heading has-neve-link-hover-color-color has-text-color\"><strong>Your Rights:<\/strong><\/h2>\n\n\n\n<p>If you are a European resident, you have the following rights regarding your personal data:<\/p>\n\n\n\n<ul>\n<li>The Right to Be Informed.<\/li>\n\n\n\n<li>Right to Access<\/li>\n\n\n\n<li>The Right to Rectification.<\/li>\n\n\n\n<li>The Right to Erasure.<\/li>\n\n\n\n<li>The Right to Restrict Processing.<\/li>\n\n\n\n<li>The Right to Data Portability.<\/li>\n\n\n\n<li>The Right to Object.<\/li>\n\n\n\n<li>Rights Related to Automated Decision-Making and Profiling. If you wish to exercise this right, please contact us using the contact information below.<\/li>\n<\/ul>\n\n\n\n<p class=\"has-nv-text-dark-bg-color has-text-color\">Additionally, if you are a European resident, please note that we process your information to fulfill any contracts we may have with you (for example, if you place an order through the site), or otherwise to pursue our legitimate business interests outlined above. Please also be aware that your information may be transferred outside of Europe, including to Canada and the United States.<\/p>\n\n\n\n<h2 class=\"wp-block-heading has-neve-link-hover-color-color has-text-color\"><strong>Links to Other Websites:<\/strong><\/h2>\n\n\n\n<p class=\"has-nv-text-dark-bg-color has-text-color\">Our site may contain links to other websites that are not owned or controlled by us. Please note that we are not responsible for these websites or for the privacy practices of third parties. We encourage you to be cautious when leaving our website and to review the privacy statements of each site that may collect personal information.<\/p>\n\n\n\n<h2 class=\"wp-block-heading has-neve-link-hover-color-color has-text-color\"><strong>Information Security:<\/strong><\/h2>\n\n\n\n<p class=\"has-nv-text-dark-bg-color has-text-color\">We secure the information you provide on computer servers in a controlled and secure environment, protected from unauthorized access, use, or disclosure. We maintain reasonable administrative, technical, and physical security measures to protect against unauthorized access, use, alteration, and disclosure of personal data under our control. However, the transmission of data over the Internet or wireless networks cannot be guaranteed.<\/p>\n\n\n\n<h2 class=\"wp-block-heading has-neve-link-hover-color-color has-text-color\"><strong>Legal Disclosure:<\/strong><\/h2>\n\n\n\n<p class=\"has-nv-text-dark-bg-color has-text-color\">We may disclose any information we collect, use, or receive if required or permitted by law, such as to comply with a subpoena or similar legal process, and when we believe in good faith that disclosure is necessary to protect our rights, ensure your safety or the safety of others, investigate fraud, or respond to a government request.<\/p>\n\n\n\n<h2 class=\"wp-block-heading has-neve-link-hover-color-color has-text-color\"><strong>Contact Information:<\/strong><\/h2>\n\n\n\n<p class=\"has-nv-text-dark-bg-color has-text-color\">If you wish to contact us to learn more about this Policy, or if you would like to reach out regarding any matters concerning your individual rights and personal information, you can email us at info@airprosecurity.com.<\/p>","protected":false},"excerpt":{"rendered":"<p>Pol\u00edtica de privacidad Pol\u00edtica de privacidad Qui\u00e9nes somos El sitio web airprosecurity.com es propiedad de Airpro Security, que es un controlador de datos de tus datos personales. Hemos adoptado esta Pol\u00edtica de privacidad, que determina c\u00f3mo procesamos la informaci\u00f3n recopilada por airprosecurity.com, que tambi\u00e9n proporciona las razones por las que debemos recopilar ciertos datos personales&hellip;&nbsp;<a href=\"https:\/\/airprosecurity.com\/en\/politica-privacidad\/\" class=\"\" rel=\"bookmark\">Read More &raquo;<span class=\"screen-reader-text\">Politica de privacidad<\/span><\/a><\/p>","protected":false},"author":1,"featured_media":0,"parent":0,"menu_order":0,"comment_status":"closed","ping_status":"closed","template":"","meta":{"neve_meta_sidebar":"","neve_meta_container":"","neve_meta_enable_content_width":"","neve_meta_content_width":0,"neve_meta_title_alignment":"","neve_meta_author_avatar":"","neve_post_elements_order":"","neve_meta_disable_header":"","neve_meta_disable_footer":"","neve_meta_disable_title":"on","_themeisle_gutenberg_block_has_review":false},"yoast_head":"<!-- This site is optimized with the Yoast SEO plugin v21.8.1 - https:\/\/yoast.com\/wordpress\/plugins\/seo\/ -->\n<title>Politica de privacidad - Airpro Security<\/title>\n<meta name=\"robots\" content=\"noindex, follow\" \/>\n<meta property=\"og:locale\" content=\"en_US\" \/>\n<meta property=\"og:type\" content=\"article\" \/>\n<meta property=\"og:title\" content=\"Politica de privacidad - Airpro Security\" \/>\n<meta property=\"og:description\" content=\"Pol\u00edtica de privacidad Pol\u00edtica de privacidad Qui\u00e9nes somos El sitio web airprosecurity.com es propiedad de Airpro Security, que es un controlador de datos de tus datos personales. Hemos adoptado esta Pol\u00edtica de privacidad, que determina c\u00f3mo procesamos la informaci\u00f3n recopilada por airprosecurity.com, que tambi\u00e9n proporciona las razones por las que debemos recopilar ciertos datos personales&hellip;&nbsp;Read More &raquo;Politica de privacidad\" \/>\n<meta property=\"og:url\" content=\"https:\/\/airprosecurity.com\/en\/politica-privacidad\/\" \/>\n<meta property=\"og:site_name\" content=\"Airpro Security\" \/>\n<meta property=\"article:modified_time\" content=\"2023-07-03T21:01:36+00:00\" \/>\n<meta name=\"twitter:card\" content=\"summary_large_image\" \/>\n<meta name=\"twitter:label1\" content=\"Est. reading time\" \/>\n\t<meta name=\"twitter:data1\" content=\"4 minutes\" \/>\n<script type=\"application\/ld+json\" class=\"yoast-schema-graph\">{\"@context\":\"https:\/\/schema.org\",\"@graph\":[{\"@type\":\"WebPage\",\"@id\":\"https:\/\/airprosecurity.com\/politica-privacidad\/\",\"url\":\"https:\/\/airprosecurity.com\/politica-privacidad\/\",\"name\":\"Politica de privacidad - Airpro Security\",\"isPartOf\":{\"@id\":\"https:\/\/airprosecurity.com\/#website\"},\"datePublished\":\"2023-04-01T19:53:13+00:00\",\"dateModified\":\"2023-07-03T21:01:36+00:00\",\"breadcrumb\":{\"@id\":\"https:\/\/airprosecurity.com\/politica-privacidad\/#breadcrumb\"},\"inLanguage\":\"en-US\",\"potentialAction\":[{\"@type\":\"ReadAction\",\"target\":[\"https:\/\/airprosecurity.com\/politica-privacidad\/\"]}]},{\"@type\":\"BreadcrumbList\",\"@id\":\"https:\/\/airprosecurity.com\/politica-privacidad\/#breadcrumb\",\"itemListElement\":[{\"@type\":\"ListItem\",\"position\":1,\"name\":\"Inicio\",\"item\":\"https:\/\/airprosecurity.com\/\"},{\"@type\":\"ListItem\",\"position\":2,\"name\":\"Politica de privacidad\"}]},{\"@type\":\"WebSite\",\"@id\":\"https:\/\/airprosecurity.com\/#website\",\"url\":\"https:\/\/airprosecurity.com\/\",\"name\":\"Airpro Security\",\"description\":\"\",\"publisher\":{\"@id\":\"https:\/\/airprosecurity.com\/#organization\"},\"potentialAction\":[{\"@type\":\"SearchAction\",\"target\":{\"@type\":\"EntryPoint\",\"urlTemplate\":\"https:\/\/airprosecurity.com\/?s={search_term_string}\"},\"query-input\":\"required name=search_term_string\"}],\"inLanguage\":\"en-US\"},{\"@type\":\"Organization\",\"@id\":\"https:\/\/airprosecurity.com\/#organization\",\"name\":\"Airpro Security\",\"alternateName\":\"Airpro Security\",\"url\":\"https:\/\/airprosecurity.com\/\",\"logo\":{\"@type\":\"ImageObject\",\"inLanguage\":\"en-US\",\"@id\":\"https:\/\/airprosecurity.com\/#\/schema\/logo\/image\/\",\"url\":\"http:\/\/airprosecurity.com\/wp-content\/uploads\/2023\/06\/cropped-Logo-Airpro-Security-Isotipo1.png\",\"contentUrl\":\"http:\/\/airprosecurity.com\/wp-content\/uploads\/2023\/06\/cropped-Logo-Airpro-Security-Isotipo1.png\",\"width\":512,\"height\":512,\"caption\":\"Airpro Security\"},\"image\":{\"@id\":\"https:\/\/airprosecurity.com\/#\/schema\/logo\/image\/\"}}]}<\/script>\n<!-- \/ Yoast SEO plugin. -->","yoast_head_json":{"title":"Politica de privacidad - Airpro Security","robots":{"index":"noindex","follow":"follow"},"og_locale":"en_US","og_type":"article","og_title":"Politica de privacidad - Airpro Security","og_description":"Pol\u00edtica de privacidad Pol\u00edtica de privacidad Qui\u00e9nes somos El sitio web airprosecurity.com es propiedad de Airpro Security, que es un controlador de datos de tus datos personales. Hemos adoptado esta Pol\u00edtica de privacidad, que determina c\u00f3mo procesamos la informaci\u00f3n recopilada por airprosecurity.com, que tambi\u00e9n proporciona las razones por las que debemos recopilar ciertos datos personales&hellip;&nbsp;Read More &raquo;Politica de privacidad","og_url":"https:\/\/airprosecurity.com\/en\/politica-privacidad\/","og_site_name":"Airpro Security","article_modified_time":"2023-07-03T21:01:36+00:00","twitter_card":"summary_large_image","twitter_misc":{"Est. reading time":"4 minutes"},"schema":{"@context":"https:\/\/schema.org","@graph":[{"@type":"WebPage","@id":"https:\/\/airprosecurity.com\/politica-privacidad\/","url":"https:\/\/airprosecurity.com\/politica-privacidad\/","name":"Politica de privacidad - Airpro Security","isPartOf":{"@id":"https:\/\/airprosecurity.com\/#website"},"datePublished":"2023-04-01T19:53:13+00:00","dateModified":"2023-07-03T21:01:36+00:00","breadcrumb":{"@id":"https:\/\/airprosecurity.com\/politica-privacidad\/#breadcrumb"},"inLanguage":"en-US","potentialAction":[{"@type":"ReadAction","target":["https:\/\/airprosecurity.com\/politica-privacidad\/"]}]},{"@type":"BreadcrumbList","@id":"https:\/\/airprosecurity.com\/politica-privacidad\/#breadcrumb","itemListElement":[{"@type":"ListItem","position":1,"name":"Inicio","item":"https:\/\/airprosecurity.com\/"},{"@type":"ListItem","position":2,"name":"Politica de privacidad"}]},{"@type":"WebSite","@id":"https:\/\/airprosecurity.com\/#website","url":"https:\/\/airprosecurity.com\/","name":"Airpro Security","description":"","publisher":{"@id":"https:\/\/airprosecurity.com\/#organization"},"potentialAction":[{"@type":"SearchAction","target":{"@type":"EntryPoint","urlTemplate":"https:\/\/airprosecurity.com\/?s={search_term_string}"},"query-input":"required name=search_term_string"}],"inLanguage":"en-US"},{"@type":"Organization","@id":"https:\/\/airprosecurity.com\/#organization","name":"Airpro Security","alternateName":"Airpro Security","url":"https:\/\/airprosecurity.com\/","logo":{"@type":"ImageObject","inLanguage":"en-US","@id":"https:\/\/airprosecurity.com\/#\/schema\/logo\/image\/","url":"http:\/\/airprosecurity.com\/wp-content\/uploads\/2023\/06\/cropped-Logo-Airpro-Security-Isotipo1.png","contentUrl":"http:\/\/airprosecurity.com\/wp-content\/uploads\/2023\/06\/cropped-Logo-Airpro-Security-Isotipo1.png","width":512,"height":512,"caption":"Airpro Security"},"image":{"@id":"https:\/\/airprosecurity.com\/#\/schema\/logo\/image\/"}}]}},"_links":{"self":[{"href":"https:\/\/airprosecurity.com\/en\/wp-json\/wp\/v2\/pages\/3"}],"collection":[{"href":"https:\/\/airprosecurity.com\/en\/wp-json\/wp\/v2\/pages"}],"about":[{"href":"https:\/\/airprosecurity.com\/en\/wp-json\/wp\/v2\/types\/page"}],"author":[{"embeddable":true,"href":"https:\/\/airprosecurity.com\/en\/wp-json\/wp\/v2\/users\/1"}],"replies":[{"embeddable":true,"href":"https:\/\/airprosecurity.com\/en\/wp-json\/wp\/v2\/comments?post=3"}],"version-history":[{"count":12,"href":"https:\/\/airprosecurity.com\/en\/wp-json\/wp\/v2\/pages\/3\/revisions"}],"predecessor-version":[{"id":878,"href":"https:\/\/airprosecurity.com\/en\/wp-json\/wp\/v2\/pages\/3\/revisions\/878"}],"wp:attachment":[{"href":"https:\/\/airprosecurity.com\/en\/wp-json\/wp\/v2\/media?parent=3"}],"curies":[{"name":"wp","href":"https:\/\/api.w.org\/{rel}","templated":true}]}}